{"id":4261,"date":"2019-05-08T16:56:46","date_gmt":"2019-05-08T14:56:46","guid":{"rendered":"artadigital.es\/hostalcalaratjada?page_id=4261"},"modified":"2019-05-09T09:54:36","modified_gmt":"2019-05-09T07:54:36","slug":"legal_cat","status":"publish","type":"page","link":"https:\/\/hostalcalaratjada.com\/ca\/legal_cat\/","title":{"rendered":"LEGAL"},"content":{"rendered":"<p>\u00das correcte de la p\u00e0gina web: Les presents condicions d&#8217;\u00fas, regulen l&#8217;acc\u00e9s i utilitzaci\u00f3 de la p\u00e0gina web La utilitzaci\u00f3 d&#8217;aquesta web li atribueix la condici\u00f3 d&#8217;usuari de la mateixa des del mateix moment de l&#8217;acc\u00e9s i inici de la navegaci\u00f3 per la mateixa , accedint a qualsevol dels seus continguts, des d&#8217;aquest mateix moment l&#8217;usuari accepta de manera expressa, les presents condicions generals. Aix\u00ed mateix l&#8217;usuari accepta les condicions particulars aplicables als diferents serveis i productes que ofereix l&#8217;entitat a la web.<\/p>\n<p>EL usuari s&#8217;obliga des de l&#8217;acceptaci\u00f3 a realitzar un \u00fas de la p\u00e0gina web, els continguts i els seus serveis de conformitat a llei, els bons costums i l&#8217;ordre p\u00fablic. Emprant la dilig\u00e8ncia adequada a la naturalesa del servei del que gaudeix a trav\u00e9s de la p\u00e0gina web.<\/p>\n<p>A) No introduir, emmagatzemar o difondre qualsevol informaci\u00f3 o material que de qualsevol forma atempti contra la moral, l&#8217;ordre p\u00fablic, els drets fonamentals, les llibertats p\u00fabliques, l&#8217;honor, la intimitat o la imatge de tercers i en general la normativa vigent;<\/p>\n<p>B) Es prohibeix de manera expressa qualsevol actuaci\u00f3 que pugui malmetre, inutilitzar, fer inaccessibles o deteriorar la p\u00e0gina web, els seus continguts o els seus serveis o impedir una normal de la mateixa per altres Usuaris.<\/p>\n<p>C) L&#8217;usuari es compromet expressament a no destruir, alterar, inutilitzar o danyar les dades, programes o documents electr\u00f2nics que es trobin a la web.<\/p>\n<p>D) L&#8217;usuari s&#8217;obliga a no introduir, emmagatzemar o difondre cap programa d&#8217;ordinador, dades, virus, codi, equip de maquinari o de telecomunicacions o qualsevol altre instrument o dispositiu electr\u00f2nic o f\u00edsic que sigui susceptible de causar danys a la p\u00e0gina web, en qualsevol dels serveis, o en qualsevol dels equips, sistemes o xarxes de l&#8217;entitat, de qualsevol usuari altre usuari, dels prove\u00efdors o en general de qualsevol tercer, o que de qualsevol altra forma sigui capa\u00e7 de causar qualsevol tipus d&#8217;alteraci\u00f3 o impedir el normal funcionament dels mateixos;<\/p>\n<p>I) No realitzar activitats publicit\u00e0ries, promocionals o d&#8217;explotaci\u00f3 comercial a trav\u00e9s del Portal, no utilitzant els continguts i en particular la informaci\u00f3 obtinguda a trav\u00e9s del Portal per remetre publicitat, enviar missatges amb dades personals de tercers;<\/p>\n<p>F) Es prohibeix qualsevol acci\u00f3 que impliqui destruir, alterar, utilitzar per al seu \u00fas, inutilitzar o danyar les dades, informacions, programes o documents electr\u00f2nics de l&#8217;entitat, els seus prove\u00efdors o tercers;<\/p>\n<p>G) Est\u00e0 prohibida qualsevol acci\u00f3 que comporti la infracci\u00f3 dels drets de propietat intel\u00b7lectual, industrial o secrets de tercers, ni en general aquesta prohibit de manera expressa l&#8217;\u00fas de qualsevol contingut del qual no l&#8217;usuari, de conformitat amb la llei, el dret a posar-lo a disposici\u00f3 de tercer;<\/p>\n<p>H) L&#8217;usuari t\u00e9 prohibit realitzar pr\u00e0ctiques o actes de &#8220;spam&#8221; en l&#8217;\u00fas o com a conseq\u00fc\u00e8ncia de l&#8217;\u00fas del web o de les informacions i serveis amb fins de venda o altres de naturalesa comercial, a una pluralitat de persones sense que n&#8217;hi hagi la pr\u00e8via sol\u00b7licitud o consentiment, ni qualssevol altres missatges no sol\u00b7licitats ni consentits pr\u00e8viament a una pluralitat de persones, ja no enviar cadenes de missatges electr\u00f2nics no sol\u00b7licitats ni pr\u00e8viament consentits, ni utilitzar llistes de distribuci\u00f3 a les que pugui accedir-se a trav\u00e9s del web<\/p>\n<p>I) L&#8217;entitat es reserva el dret a realitzar qualsevol tipus d&#8217;acci\u00f3 legal contra aquells que infringeixin les obligacions assumides.<\/p>\n<p>Modificacions.- L&#8217;entitat es reserva el dret de modificar, unilateralment, en qualsevol moment i sense previ av\u00eds les presents condicions. En aquests casos es procedir\u00e0 a la seva publicaci\u00f3 i av\u00eds amb la m\u00e0xima antelaci\u00f3 possible. De la mateixa manera, es reserva el dret a modificar, unilateralment, en qualsevol moment i sense previ av\u00eds, la presentaci\u00f3 i configuraci\u00f3 del web.<\/p>\n<p>ENLLA\u00c7OS AMB TERCERS: El present Av\u00eds Legal es refereix \u00fanicament a la p\u00e0gina web i continguts de l&#8217;entitat, i no s&#8217;aplica als enlla\u00e7os o a les p\u00e0gines web de tercers accessibles a trav\u00e9s de la p\u00e0gina web. L&#8217;entitat no \u00e9s responsable del contingut de cap de les p\u00e0gines web de destinaci\u00f3 d&#8217;un enlla\u00e7, ni de cap enlla\u00e7 incl\u00f2s en una p\u00e0gina web a la qual s&#8217;arribi des del web de l&#8217;entitat.<\/p>\n<p>\u00daS DE COOKIES: Aquesta p\u00e0gina web utilitza cookies. Els cookies s\u00f3n petits fitxers de dades que es generen en l&#8217;ordinador de l&#8217;usuari i que ens permeten con\u00e8ixer la seg\u00fcent informaci\u00f3: la data i l&#8217;hora de l&#8217;\u00faltima vegada que l&#8217;usuari va visitar la nostra p\u00e0gina web, el disseny de continguts que l&#8217;usuari va escollir en la seva \u00faltima visita a la nostra p\u00e0gina web, elements de seguretat que intervenen en el control d&#8217;acc\u00e9s a les \u00e0rees restringides. L&#8217;entitat podr\u00e0 emprar les &#8220;cookies&#8221; quan els usuaris naveguin per les p\u00e0gines de la web encara que per accedir i usar aquesta no cal que permetin la instal\u00b7laci\u00f3 de &#8220;cookies&#8221;. Les &#8220;cookies&#8221; s&#8217;associen \u00fanicament amb el seu ordinador per\u00f2 no proporcionen dades que permetin deduir el nom de l&#8217;usuari, ni poden llegir dades del disc dur de l&#8217;ordinador de l&#8217;usuari ni detectar &#8220;cookies&#8221; creades per tercers. L&#8217;usuari t\u00e9 la possibilitat de configurar el seu navegador, d&#8217;acord amb les instruccions i manuals que li siguin d&#8217;aplicaci\u00f3, per ser avisat en pantalla de la recepci\u00f3 de &#8220;cookies&#8221; i per impedir la instal\u00b7laci\u00f3 de &#8220;cookies&#8221; en el disc dur. Tot aix\u00f2 de conformitat amb el ART 22.2 De la Llei 34\/2002, de 11 de juliol, de serveis de la societat de la informaci\u00f3 i de comer\u00e7 electr\u00f2nic que es modifica en virtut de l&#8217;art. 4 Reial decret llei 13\/2012, amb la seva nova redacci\u00f3.<\/p>\n<p>Propietat intel\u00b7lectual i industrial Tots els continguts de la p\u00e0gina web s\u00f3n titularitat exclusiva de l&#8217;entitat i, amb car\u00e0cter enunciatiu, que no limitatiu, el disseny gr\u00e0fic, codi font, logos, textos, gr\u00e0fics, il\u00b7lustracions, fotografies, i altres elements que apareixen en la p\u00e0gina WEB. Aix\u00ed mateix els noms comercials, marques o signes distintius de qualsevol classe continguts en la p\u00e0gina web estan protegits per la Llei de propietat intel\u00b7lectual i industrial. Correspon a l&#8217;entitat l&#8217;exercici exclusiu dels drets d&#8217;explotaci\u00f3 de la propietat intel\u00b7lectual esmentada, en qualsevol forma i, en especial, els drets de reproducci\u00f3, distribuci\u00f3, comunicaci\u00f3 p\u00fablica. L&#8217;usuari t\u00e9 prohibit qualsevol \u00fas no consentit total o parcial de qualsevol dels continguts de la p\u00e0gina web que integren els drets de propietat intel\u00b7lectual o industrial de l&#8217;entitat sobre la p\u00e0gina i \/ o els seus continguts.<\/p>\n<p>L&#8217;entitat es reserva el dret a realitzar qualsevol tipus d&#8217;acci\u00f3 legal contra qualsevol Usuari que realitzi acci\u00f3 que impliqui reproducci\u00f3, distribuci\u00f3, comercialitzaci\u00f3, transformaci\u00f3, i en general, qualsevol altra forma d&#8217;explotaci\u00f3, per qualsevol procediment, de tot o part dels continguts de la p\u00e0gina web i que constitueixi una infracci\u00f3 dels drets de propietat intel\u00b7lectual i \/ o industrial de la mateixa.<\/p>\n<p>NOTIFICACIONS: A l&#8217;efecte de les Presents condicions generals, i per a qualsevol comunicaci\u00f3 que sigui precisa entre l&#8217;entitat i l&#8217;Usuari, aquests hauran de dirigir-se mitjan\u00e7ant correu electr\u00f2nic Hostal Cala Ratjada @ Hostal Cala Ratjada.com. Les comunicacions de l&#8217;entitat a l&#8217;Usuari es realitzaran conforme a les dades aportades per aquest al registrar-se en la p\u00e0gina web. L&#8217;Usuari accepta expressament i per a totes les comunicacions relacionades amb la utilitzaci\u00f3 de la p\u00e0gina web i \/ o la contractaci\u00f3 dels serveis en ell oferts, la utilitzaci\u00f3 del correu electr\u00f2nic com a procediment v\u00e0lid per a la remissi\u00f3 d&#8217;aquestes comunicacions.<\/p>\n<p>LEGISLACI\u00d3 APLICABLE. SUMISION A FUR Les presents condicions, es regiran per la legislaci\u00f3 espanyola, que ser\u00e0 d&#8217;aplicaci\u00f3 en el no disposat en aquest contracte en mat\u00e8ria d&#8217;interpretaci\u00f3, validesa i execuci\u00f3. Les parts renuncien expressament al fur que els pogu\u00e9s correspondre i sotmeten expressament als Jutjats i Tribunals de Palma de Mallorca per resoldre qualsevol controv\u00e8rsia que pugui sorgir en la interpretaci\u00f3 o execuci\u00f3 de les presents condicions contractuals.<\/p>\n<p>R\u00c8GIM DE RESPONSABILITATS:<\/p>\n<p>A) L&#8217;usuari reconeix i accepta que la utilitzaci\u00f3 de la p\u00e0gina web, aix\u00ed com la prestaci\u00f3 dels serveis i o venda de productes en ell oferts es realitza sota el seu risc i la seva total responsabilitat.<\/p>\n<p>B) L&#8217;entitat no respon dels perjudicis ocasionats a l&#8217;usuari causa de l&#8217;incompliment per part d&#8217;aquest, de la Llei, la moral i els bons costums, aix\u00ed com l&#8217;ordre p\u00fablic, o l&#8217;\u00fas dels productes i \/ o serveis oferts de forma no diligent o incorrecta, o amb fins o efectes il\u00b7l\u00edcits o contraris al que s&#8217;estableix en aquestes condicions generals o en les condicions aplicables que, si escau resultin d&#8217;aplicaci\u00f3. Espec\u00edficament els derivats de les presents actuacions: infracci\u00f3 dels drets de propietat industrial i intel\u00b7lectual, la infracci\u00f3 del secret professional, la infracci\u00f3 dels drets a l&#8217;honor, a la intimitat personal i familiar ia la imatge de les persones, i els relatius a la protecci\u00f3 de la inf\u00e0ncia i la joventut, la realitzaci\u00f3 d&#8217;actes de compet\u00e8ncia deslleial, la realitzaci\u00f3 de publicitat il\u00b7l\u00edcita o actes constitutius de delicte o de naturalesa pornogr\u00e0fica. La il\u00b7licitud o falta de veracitat, exactitud, fiabilitat, pertinen\u00e7a, actualitat i exhaustivitat dels continguts i informacions transmeses o posats a disposici\u00f3 dels usuaris no realitzats directament per l&#8217;entitat.<\/p>\n<p>C) L&#8217;entitat en cap cas respon dels danys soferts per l&#8217;usuari derivats de les interrupcions, virus inform\u00e0tics, avaries i \/ o desconnexions en el funcionament operatiu d&#8217;aquest sistema electr\u00f2nic o en els aparells i equips inform\u00e0tics dels Usuaris, motivades per causes alienes a l&#8217;entitat, que impedeixin o retardin la prestaci\u00f3 dels serveis o la navegaci\u00f3 pel sistema la disponibilitat, accessibilitat i funcionament o continu\u00eftat dels llocs enlla\u00e7ats.<\/p>\n<p>D) L&#8217;entitat en cap cas respon dels danys soferts per l&#8217;usuari derivats de la qualitat, licitud, fiabilitat, utilitat, veracitat, vig\u00e8ncia, exhaustivitat i \/ o autenticitat del contingut existent en els llocs enlla\u00e7ats. i no respondr\u00e0 del manteniment, prestaci\u00f3 o transmissi\u00f3 dels continguts existents en els llocs enlla\u00e7ats.<\/p>\n<p>I) L&#8217;entitat en cap cas respon dels danys soferts per l&#8217;usuari derivats de retards o bloquejos en l&#8217;\u00fas causats per defici\u00e8ncies o sobrec\u00e0rregues d&#8217;Internet o en altres sistemes electr\u00f2nics;<\/p>\n<p>F) L&#8217;entitat en cap cas respon dels danys soferts per l&#8217;usuari que puguin ser causats per terceres persones mitjan\u00e7ant intromissions il\u00b7leg\u00edtimes fora del control del portal i que no siguin atribu\u00efbles a l&#8217;entitat;<\/p>\n<p>G) L&#8217;entitat en cap cas respon dels danys soferts per l&#8217;usuari derivats de De la impossibilitat de donar el Servei, vendre productes i \/ o permetre l&#8217;acc\u00e9s per causes no imputables a l&#8217;entitat, degudes a l&#8217;Usuari, a tercers, oa sup\u00f2sits de for\u00e7a major; aix\u00ed com l&#8217;incompliment o compliment defectu\u00f3s o finalitzaci\u00f3 per qualsevol causa dels contractes realitzats amb tercers amb motiu de la prestaci\u00f3 de serveis a trav\u00e9s del web.<\/p>\n<p>H) L&#8217;entitat en cap cas respon, dels danys soferts per l&#8217;usuari, que es puguin deure a l&#8217;exist\u00e8ncia de virus en el sistema inform\u00e0tic, documents electr\u00f2nics o fitxers dels usuaris. De la mateixa manera, per la pres\u00e8ncia de virus en els serveis prestats per tercers a trav\u00e9s del web, causant alteracions en el sistema inform\u00e0tic, documents electr\u00f2nics o fitxers dels usuaris.<\/p>\n<p>I) L&#8217;entitat en cap cas respon de Els danys i perjudicis que puguin derivar-se del coneixement que puguin tenir tercers no autoritzats de la classe, condicions, caracter\u00edstiques i circumst\u00e0ncies d&#8217;acc\u00e9s i \u00fas que els usuaris fan del web i de les informacions i serveis , aix\u00ed com l&#8217;incompliment pels usuaris de les seves obligacions en relaci\u00f3 amb les dades de car\u00e0cter personal<\/p>\n<p>J) L&#8217;entitat no es fa responsable dels continguts, serveis, informaci\u00f3 i en general de tot all\u00f2 que pugui apar\u00e8ixer a la p\u00e0gina a qu\u00e8 puguin accedir a trav\u00e9s del link que en aquesta \u00faltima s&#8217;hagi establert.<\/p>\n<p>k) En el cas que qualsevol de les condicions generals, i \/ o particulars si \u00e9s el cas, fos declarada nul\u00b7la, i \/ o inv\u00e0lida, aix\u00f2 no afectar\u00e0 l&#8217;efic\u00e0cia de la resta que seguiria sent vinculant entre les parts. En el cas que alguna de les parts pugui renunciar a exigir en un determinat moment el compliment de qualsevol de les condicions generals, i \/ o particulars si \u00e9s el cas, establertes; aix\u00f2 no suposar\u00e0 que es renuncia amb car\u00e0cter general al compliment de la resta de condicions i tampoc suposar\u00e0 la creaci\u00f3 d&#8217;un dret adquirit per a l&#8217;altra part.<\/p>\n<p>LEGISLACI\u00d3 APLICABLE. SUMISION A FUR Les presents condicions, es regiran per la legislaci\u00f3 espanyola, que ser\u00e0 d&#8217;aplicaci\u00f3 en el no disposat en aquest contracte en mat\u00e8ria d&#8217;interpretaci\u00f3, validesa i execuci\u00f3. Les parts renuncien expressament al fur que els pogu\u00e9s correspondre i sotmeten expressament als Jutjats i Tribunals de Palma de Mallorca per resoldre qualsevol controv\u00e8rsia que pugui sorgir en la interpretaci\u00f3 o execuci\u00f3 de les presents condicions contractuals.<\/p>\n<p>POL\u00cdTICA DE PROTECCI\u00d3 DE DADES DE CAR\u00c0CTER PERSONAL<\/p>\n<p>1.1 A l&#8217;efecte del que disposa la Llei Org\u00e0nica 15\/1999 de 13 de desembre de Protecci\u00f3 de Dades de Car\u00e0cter Personal, Hostal Cala Ratjada S.L. informa a l&#8217;Usuari \/ client de l&#8217;exist\u00e8ncia d&#8217;un fitxer de dades de car\u00e0cter personal creat amb les dades obtingudes a la p\u00e0gina web per i per a Hostal Cala Ratjada SL, i sota la seva responsabilitat, amb les finalitats d&#8217;informaci\u00f3 i prestaci\u00f3 dels serveis i \/ o venda dels productes oferts a la p\u00e0gina web. Aquest fitxer es troba inscrit en el Registre General de l&#8217;Ag\u00e8ncia de Protecci\u00f3 de Dades sota el nom de CLIENTS \/ USUARIS.<\/p>\n<p>1.2 L&#8217;usuari \/ client accepta expressament la inclusi\u00f3 de les dades obtingudes durant la navegaci\u00f3 per la p\u00e0gina, o proporcionades omplint de qualsevol formulari, aix\u00ed com els derivats d&#8217;una possible relaci\u00f3 comercial, amb el fitxer automatitzat de dades de car\u00e0cter personal referit en l&#8217;apartat primer. Durant el proc\u00e9s de recollida de dades i en cada lloc de la web en qu\u00e8 se sol\u00b7licitin aquestes dades, el client ser\u00e0 informat, ja sigui mitjan\u00e7ant un hyperlink, ja sigui mitjan\u00e7ant la inclusi\u00f3 de les mencions oportunes en el propi formulari, de car\u00e0cter obligatori o no de recollida d&#8217;aquestes dades. A tot client que decideix registrar-se a la p\u00e0gina web de la nostra empresa, li demanem les dades necess\u00e0ries per als fins als quals est\u00e0 destinat l&#8217;activitat de la nostra empresa.<\/p>\n<p>1.3 El client podr\u00e0 exercitar, respecte de les dades obtingudes en la forma prevista a l&#8217;apartat anterior, els drets reconeguts en la Llei Org\u00e0nica 15\/1999, i en particular els drets d&#8217;acc\u00e9s, rectificaci\u00f3 o cancel\u00b7laci\u00f3 de dades i oposici\u00f3, sempre que result\u00e9s pertinent i, podran exercitar-se per cada client a trav\u00e9s d&#8217;un formulari de sol\u00b7licitud de cancel\u00b7laci\u00f3 que ens sol\u00b7licitar\u00e0 per correu electr\u00f2nic. La sol\u00b7licitud escrita i signada podr\u00e0 enviar-la per correu postal a la seg\u00fcent adre\u00e7a: Hostal Cala Ratjada, S.L, amb domicili en C \/ LEONOR SERVERA, 86, adjuntant en ambd\u00f3s casos fotoc\u00f2pia del DNI del client.<\/p>\n<p>1.4 Hostal Cala Ratjada SL informa que si un client vol registrar-se a Hostal Cala Ratjada SL, se li van a demanar tot un seguit de dades com resposta obligat\u00f2ria tal com ja hem comentat anteriorment, per la qual cosa si no s&#8217;aporten \/ s&#8217;emplenen les dades no tindr\u00e0 lloc l&#8217;alta a la p\u00e0gina web de Hostal Cala Ratjada SL. Ser\u00e0 obligaci\u00f3 de tots els clients garantir que la informaci\u00f3 que s&#8217;aporti sigui exacta i que estigui actualitzada.<\/p>\n<p>1.5 El CLIENT accepta que Hostal Cala Ratjada SL pugui utilitzar cookies i seguiment d&#8217;IPs per tal de recollir dades a efectes estad\u00edstics.<\/p>\n<p>1.6 Hostal Cala Ratjada SL es compromet en la utilitzaci\u00f3 de les dades incloses en el fitxer anteriorment referit, a respectar la seva confidencialitat ia utilitzar-los d&#8217;acord amb la finalitat del fitxer, aix\u00ed com a donar compliment a la seva obligaci\u00f3 de guardar i adaptar totes les mesures per evitar l&#8217;alteraci\u00f3, p\u00e8rdua, tractament o acc\u00e9s no autoritzat, d&#8217;acord amb el que estableix el Reial Decret 1720\/2007 pel qual s&#8217;aprova el reglament que desenvolupa la LOPD.<\/p>\n<p>1.7 Les dades de car\u00e0cter personal que ens proporcioni seran objecte de tractament automatitzat i incorporats als fitxers automatitzats de Hostal Cala Ratjada SL, sent aquesta entitat la titular i responsable dels seus propis fitxers, els quals, d&#8217;acord amb la normativa vigent, es troben degudament registrats en el Registre General de l&#8217;Ag\u00e8ncia de Protecci\u00f3 de Dades.<\/p>\n<p>En els formularis del Registre on es demanin dades de car\u00e0cter personal, s&#8217;han d&#8217;assenyalar els diferents camps l&#8217;emplenament \u00e9s necess\u00e0ria per a realitzar el registre corresponent. Aix\u00ed, tret que s&#8217;indiqui el contrari les respostes a les preguntes sobre dades personals s\u00f3n volunt\u00e0ries, sense que la falta de contestaci\u00f3 a aquestes preguntes impliqui una minva en la qualitat o quantitat dels serveis corresponents, llevat que s&#8217;indiqui una altra cosa.<\/p>\n<p>1.8El tractament automatitzat a qu\u00e8 seran sotmeses totes les dades de car\u00e0cter personal recollides com a conseq\u00fc\u00e8ncia de la sol\u00b7licitud, utilitzaci\u00f3, contractaci\u00f3 de qualsevol producte o servei o de qualsevol transacci\u00f3 o operaci\u00f3 realitzada a trav\u00e9s d&#8217;aquesta p\u00e0gina web (inclosos, a aquests efectes, els que siguin facilitats pels clients per a la publicaci\u00f3 d&#8217;anuncis), t\u00e9 com a finalitat principal el manteniment de la relaci\u00f3 contractual si escau establerta amb l&#8217;entitat propiet\u00e0ria d&#8217;aquesta p\u00e0gina web.<\/p>\n<p>1.9 Tamb\u00e9 seran utilitzades per a la gesti\u00f3, administraci\u00f3, prestaci\u00f3, ampliaci\u00f3 i millora dels serveis als que el client decideixi subscriure o utilitzar, per exemple:<\/p>\n<p>En el cas que s&#8217;hagi subscrit a la recepci\u00f3 de butlletins informatius, les seves dades nom\u00e9s seran utilitzades per gestionar l&#8217;enviament d&#8217;aquest butllet\u00ed.<br \/>\nEn cas que hagi autoritzat l&#8217;enviament de publicitat, les seves dades nom\u00e9s seran utilitzades per gestionar l&#8217;enviament de publicitat a trav\u00e9s de mitjans tradicionals o electr\u00f2nics. En el cas de les adreces de correu electr\u00f2nic o formulari de contacte de la p\u00e0gina web, les dades que ens proporcioni a trav\u00e9s dels mateixos, seran utilitzades exclusivament per a atendre les consultes que ens plantegi per aquest mitj\u00e0.<br \/>\nTot aix\u00f2 de conformitat amb l&#8217;art 22.1 i 22.2 de la llei 34\/2002, de 11 de juliol, de serveis de la societat de la informaci\u00f3 i de comer\u00e7 electr\u00f2nic que es modifica en virtut de l&#8217;art 4 Reial decret llei 13\/2012, amb la seva nova redacci\u00f3.<\/p>\n<p>1.10 l&#8217;entitat garanteix la confidencialitat de les dades de car\u00e0cter personal. No obstant aix\u00f2, revelar\u00e0 a les autoritats p\u00fabliques competents les dades personals i qualsevol altra informaci\u00f3 que estigui en el seu poder o sigui accessible a trav\u00e9s dels seus sistemes i sigui requerida de conformitat amb les disposicions legals i reglament\u00e0ries aplicables al cas. Les dades de car\u00e0cter personal podran ser conservades en els fitxers titularitat de Hostal Cala Ratjada SL fins i tot un cop finalitzades les relacions formalitzades a trav\u00e9s de la p\u00e0gina web de l&#8217;empresa, exclusivament als fins indicats anteriorment i, en tot cas, durant els terminis legalment establerts, a disposici\u00f3 d&#8217;autoritats administratives o judicials.<\/p>\n<p>Hostal Cala Ratjada SL<br \/>\nLlevamans, 2<br \/>\nCALA RATJADA<br \/>\n07590<br \/>\nBALEARS<br \/>\nTEL. 971563202<\/p>\n","protected":false},"excerpt":{"rendered":"<p>\u00das correcte de la p\u00e0gina web: Les presents condicions d&#8217;\u00fas, regulen l&#8217;acc\u00e9s i utilitzaci\u00f3 de la p\u00e0gina web La utilitzaci\u00f3 d&#8217;aquesta web li atribueix la condici\u00f3 d&#8217;usuari de la mateixa des del mateix moment de l&#8217;acc\u00e9s i inici de la navegaci\u00f3 per la mateixa , accedint a qualsevol dels seus continguts, des d&#8217;aquest mateix moment <\/p>\n","protected":false},"author":1,"featured_media":0,"parent":0,"menu_order":0,"comment_status":"closed","ping_status":"closed","template":"","meta":{"footnotes":""},"class_list":["post-4261","page","type-page","status-publish","hentry"],"aioseo_notices":[],"_links":{"self":[{"href":"https:\/\/hostalcalaratjada.com\/ca\/wp-json\/wp\/v2\/pages\/4261","targetHints":{"allow":["GET"]}}],"collection":[{"href":"https:\/\/hostalcalaratjada.com\/ca\/wp-json\/wp\/v2\/pages"}],"about":[{"href":"https:\/\/hostalcalaratjada.com\/ca\/wp-json\/wp\/v2\/types\/page"}],"author":[{"embeddable":true,"href":"https:\/\/hostalcalaratjada.com\/ca\/wp-json\/wp\/v2\/users\/1"}],"replies":[{"embeddable":true,"href":"https:\/\/hostalcalaratjada.com\/ca\/wp-json\/wp\/v2\/comments?post=4261"}],"version-history":[{"count":0,"href":"https:\/\/hostalcalaratjada.com\/ca\/wp-json\/wp\/v2\/pages\/4261\/revisions"}],"wp:attachment":[{"href":"https:\/\/hostalcalaratjada.com\/ca\/wp-json\/wp\/v2\/media?parent=4261"}],"curies":[{"name":"wp","href":"https:\/\/api.w.org\/{rel}","templated":true}]}}