{"id":4726,"date":"2019-10-21T10:35:12","date_gmt":"2019-10-21T08:35:12","guid":{"rendered":"http:\/\/artadigital.es\/hostalcalaratjada\/?page_id=4726"},"modified":"2019-10-22T10:43:23","modified_gmt":"2019-10-22T08:43:23","slug":"__trashed","status":"publish","type":"page","link":"https:\/\/hostalcalaratjada.com\/ca\/__trashed\/","title":{"rendered":"habitacions"},"content":{"rendered":"<div id=\"pl-4726\"  class=\"panel-layout\" ><div id=\"pg-4726-0\"  class=\"panel-grid panel-no-style\" ><div id=\"pgc-4726-0-0\"  class=\"panel-grid-cell\" ><div id=\"panel-4726-0-0-0\" class=\"so-panel widget widget_sow-editor panel-first-child panel-last-child\" data-index=\"0\" ><div\n\t\t\t\n\t\t\tclass=\"so-widget-sow-editor so-widget-sow-editor-base\"\n\t\t\t\n\t\t>\n<div class=\"siteorigin-widget-tinymce textwidget\">\n\t\n\t\t<div class=\"container room-container\">\n<div id=\"hotel-booking-search-filter\" class=\"hotel-booking-search-filter\">\n    <h3>\n\t\tFilter By\t<\/h3>\n\n    <form class=\"search-filter-form\" action=\"\">\n        <div class=\"hb-form-table\">\n\t\t\t    <div class=\"hb-price-field\" data-min=\"0\"\n         data-max=\"100\"\n         data-step=\"1\">\n        <div class=\" title\">Preu des de<\/div>\n        <input type=\"hidden\" class=\"hb-min-price\" name=\"min-price\"\n               value=\"\">\n        <input type=\"hidden\" class=\"hb-max-price\" name=\"max-price\"\n               value=\"\">\n        <div class=\"hb-search-price\">\n            <div class=\"hb-price-range\"><\/div>\n            <div>\n                <span class=\"min\">0.00<\/span>\n                -\n                <span class=\"max\">100.00<\/span>\n            <\/div>\n        <\/div>\n    <\/div>\n\t<div class=\"hb-rating-field\">\n\t\t<h4> Rating<\/h4>\n\t\t<ul class=\"rating-list\">\n\t\t\t\t\t\t\t<li class=\"list-item\">\n\t\t\t\t\t<div class=\"rating\">\n\t\t\t\t\t\t<label>\n\t\t\t\t\t\t\t<input type=\"checkbox\" name=\"rating\" value=\"1\">\n\t\t\t\t\t\t\t<span>\n\t\t\t\t\t\t\t\t1 star\t\t\t\t\t\t\t<\/span>\n\t\t\t\t\t\t<\/label>\n\t\t\t\t\t<\/div>\n\t\t\t\t\t<div class=\"rating-number\">\n\t\t\t\t\t\t0\t\t\t\t\t<\/div>\n\t\t\t\t<\/li>\n\t\t\t\t\t\t\t\t<li class=\"list-item\">\n\t\t\t\t\t<div class=\"rating\">\n\t\t\t\t\t\t<label>\n\t\t\t\t\t\t\t<input type=\"checkbox\" name=\"rating\" value=\"2\">\n\t\t\t\t\t\t\t<span>\n\t\t\t\t\t\t\t\t2 stars\t\t\t\t\t\t\t<\/span>\n\t\t\t\t\t\t<\/label>\n\t\t\t\t\t<\/div>\n\t\t\t\t\t<div class=\"rating-number\">\n\t\t\t\t\t\t0\t\t\t\t\t<\/div>\n\t\t\t\t<\/li>\n\t\t\t\t\t\t\t\t<li class=\"list-item\">\n\t\t\t\t\t<div class=\"rating\">\n\t\t\t\t\t\t<label>\n\t\t\t\t\t\t\t<input type=\"checkbox\" name=\"rating\" value=\"3\">\n\t\t\t\t\t\t\t<span>\n\t\t\t\t\t\t\t\t3 stars\t\t\t\t\t\t\t<\/span>\n\t\t\t\t\t\t<\/label>\n\t\t\t\t\t<\/div>\n\t\t\t\t\t<div class=\"rating-number\">\n\t\t\t\t\t\t0\t\t\t\t\t<\/div>\n\t\t\t\t<\/li>\n\t\t\t\t\t\t\t\t<li class=\"list-item\">\n\t\t\t\t\t<div class=\"rating\">\n\t\t\t\t\t\t<label>\n\t\t\t\t\t\t\t<input type=\"checkbox\" name=\"rating\" value=\"4\">\n\t\t\t\t\t\t\t<span>\n\t\t\t\t\t\t\t\t4 stars\t\t\t\t\t\t\t<\/span>\n\t\t\t\t\t\t<\/label>\n\t\t\t\t\t<\/div>\n\t\t\t\t\t<div class=\"rating-number\">\n\t\t\t\t\t\t0\t\t\t\t\t<\/div>\n\t\t\t\t<\/li>\n\t\t\t\t\t\t\t\t<li class=\"list-item\">\n\t\t\t\t\t<div class=\"rating\">\n\t\t\t\t\t\t<label>\n\t\t\t\t\t\t\t<input type=\"checkbox\" name=\"rating\" value=\"5\">\n\t\t\t\t\t\t\t<span>\n\t\t\t\t\t\t\t\t5 stars\t\t\t\t\t\t\t<\/span>\n\t\t\t\t\t\t<\/label>\n\t\t\t\t\t<\/div>\n\t\t\t\t\t<div class=\"rating-number\">\n\t\t\t\t\t\t1\t\t\t\t\t<\/div>\n\t\t\t\t<\/li>\n\t\t\t\t\t\t\t<li class=\"list-item unrated\">\n\t\t\t\t<div class=\"rating\">\n\t\t\t\t\t<label>\n\t\t\t\t\t\t<input type=\"checkbox\" name=\"rating\" value=\"unrated\">\n\t\t\t\t\t\t<span>Unrated<\/span>\n\t\t\t\t\t<\/label>\n\t\t\t\t<\/div>\n\t\t\t\t<div class=\"rating-number\">\n\t\t\t\t\t25\t\t\t\t<\/div>\n\t\t\t<\/li>\n\t\t<\/ul>\n\t<\/div>\n<div class=\"hb-type-field\">\n\t<h4>Room Types<\/h4>\n\t<ul class=\"room-type-list\">\n\t\t\t\t\t<li class=\"list-item\">\n\t\t\t\t<div class=\"room-type\">\n\t\t\t\t\t<label>\n\t\t\t\t\t\t<input type=\"checkbox\" name=\"room_type\" value=\"78\">\n\t\t\t\t\t\t<span>Doble<\/span>\n\t\t\t\t\t<\/label>\n\t\t\t\t<\/div>\n\t\t\t\t<div class=\"room-type-number\">\n\t\t\t\t\t<a href=\"https:\/\/hostalcalaratjada.com\/ca\/room-type\/doble-ca\/\">2<\/a>\n\t\t\t\t<\/div>\n\t\t\t<\/li>\n\t\t\t\t\t\t<li class=\"list-item\">\n\t\t\t\t<div class=\"room-type\">\n\t\t\t\t\t<label>\n\t\t\t\t\t\t<input type=\"checkbox\" name=\"room_type\" value=\"79\">\n\t\t\t\t\t\t<span>Triple<\/span>\n\t\t\t\t\t<\/label>\n\t\t\t\t<\/div>\n\t\t\t\t<div class=\"room-type-number\">\n\t\t\t\t\t<a href=\"https:\/\/hostalcalaratjada.com\/ca\/room-type\/triple-ca\/\">2<\/a>\n\t\t\t\t<\/div>\n\t\t\t<\/li>\n\t\t\t\t<\/ul>\n<\/div>\n\n\t\t\t<div class=\"clear-reset-filter\">\n\t\t\t\t\t\t\t\t\t<button type=\"button\" class=\"hb-room-filter-btn\">Filter<\/button>\n\t\t\t\t\n\t\t\t\t<div class=\"clear-filter\">\n\t\t\t\t\t<button type=\"button\">\n\t\t\t\t\t\tReset\t\t\t\t\t<\/button>\n            <\/div>\n\t\t\t<\/div>\n        <\/div>\n    <\/form>\n<\/div>\n<div class=\"room-content\">\t<div class=\"sort-by-wrapper\">\n\t\t\t\t<div class=\"show-number\">\n\t\t\tShowing the last items of 7 results.\t\t<\/div>\n\n\t\t<div class=\"sort-by\">\n\t\t\t<span class=\"sort-by__label\">Sort By :<\/span>\n\t\t\t<div class=\"select\">\n\t\t\t\t<div class=\"toggle\">\n\t\t\t\t\tDefault (Newest)\t\t\t\t<\/div>\n\t\t\t\t<ul class=\"sort-by__list\">\n\t\t\t\t\t\t\t\t\t\t\t<li class=\"sort-by__list-item active\" data-value=\"date-desc\">\n\t\t\t\t\t\t\tDefault (Newest)\t\t\t\t\t\t<\/li>\n\t\t\t\t\t\t\t\t\t\t\t\t<li class=\"sort-by__list-item\" data-value=\"date-asc\">\n\t\t\t\t\t\t\tOldest\t\t\t\t\t\t<\/li>\n\t\t\t\t\t\t\t\t\t\t\t\t<li class=\"sort-by__list-item\" data-value=\"title-asc\">\n\t\t\t\t\t\t\tA to Z\t\t\t\t\t\t<\/li>\n\t\t\t\t\t\t\t\t\t\t\t\t<li class=\"sort-by__list-item\" data-value=\"title-desc\">\n\t\t\t\t\t\t\tZ to A\t\t\t\t\t\t<\/li>\n\t\t\t\t\t\t\t\t\t\t<\/ul>\n\t\t\t<\/div>\n\t\t<\/div>\n\t\t\t<\/div>\n\n<ul class=\"rooms tp-hotel-booking hb-catalog-column-4\">\n\n\n<li id=\"room-5378\" class=\"col-md-3 col-sm-6 col-xs-6 post-5378 hb_room type-hb_room status-publish has-post-thumbnail hentry hb_room_type-triple-ca\">\n\n\t\n\t<div class=\"summary entry-summary\">\n\n\t\t\n<div class=\"media\">\n\t<img decoding=\"async\" src=\"https:\/\/hostalcalaratjada.com\/wp-content\/uploads\/2023\/09\/113A0287-2-scaled-270x270.jpg\" width=\"270\" height=\"270\" alt=\"\"\/>\t<div class=\"actions\">\n\t\t<div class=\"action-btn\">\n\t\t\t<a href=\"https:\/\/hostalcalaratjada.com\/ca\/rooms\/triple-amb-aire-condicionat\/\" class=\"button readmore\">\n\t\t\t\tM\u00c9S INFORMACI\u00d3\t\t\t<\/a>\n\t\t<\/div>\n\t<\/div>\n<\/div>\t\t<div class=\"content-room\">\n\t\t\t<div class=\"title-room\">\n\t\t\t\t\n<div class=\"title\">\n\t<h4>\n\t\t<a href=\"https:\/\/hostalcalaratjada.com\/ca\/rooms\/triple-amb-aire-condicionat\/\">Triple amb Aire condicionat<\/a>\n\t<\/h4>\n<\/div>\n<div class=\"room-types\"><a href=\"https:\/\/hostalcalaratjada.com\/ca\/room-type\/triple-ca\/\" rel=\"tag\">Triple<\/a><\/div>\t\t\t<\/div>\n\t\t\t<div class=\"description\"><\/div>\t\t<\/div>\n\n\t\t\n<div class=\"footer-content-room\">\n\t\n\t<div class=\"actions\">\n\t\t<div class=\"action-btn\">\n\t\t\t<a href=\"https:\/\/hostalcalaratjada.com\/ca\/rooms\/triple-amb-aire-condicionat\/\" class=\"button readmore\">\n\t\t\t\tM\u00c9S INFORMACI\u00d3\t\t\t<\/a>\n\t\t<\/div>\n\t<\/div>\n<\/div>\t<\/div><!-- .summary -->\n\n\t\n<\/li>\n\n\n\n<li id=\"room-4705\" class=\"col-md-3 col-sm-6 col-xs-6 post-4705 hb_room type-hb_room status-publish has-post-thumbnail hentry hb_room_type-doble-ca\">\n\n\t\n\t<div class=\"summary entry-summary\">\n\n\t\t\n<div class=\"media\">\n\t<img decoding=\"async\" src=\"https:\/\/hostalcalaratjada.com\/wp-content\/uploads\/2019\/05\/113A0334-2-scaled-270x270.jpg\" width=\"270\" height=\"270\" alt=\"\"\/>\t<div class=\"actions\">\n\t\t<div class=\"action-btn\">\n\t\t\t<a href=\"https:\/\/hostalcalaratjada.com\/ca\/rooms\/doble-aire-condicionat\/\" class=\"button readmore\">\n\t\t\t\tM\u00c9S INFORMACI\u00d3\t\t\t<\/a>\n\t\t<\/div>\n\t<\/div>\n<\/div>\t\t<div class=\"content-room\">\n\t\t\t<div class=\"title-room\">\n\t\t\t\t\n<div class=\"title\">\n\t<h4>\n\t\t<a href=\"https:\/\/hostalcalaratjada.com\/ca\/rooms\/doble-aire-condicionat\/\">Doble amb balc\u00f3 i aire condicionat &#8216;Margarita<\/a>\n\t<\/h4>\n<\/div>\n<div class=\"room-types\"><a href=\"https:\/\/hostalcalaratjada.com\/ca\/room-type\/doble-ca\/\" rel=\"tag\">Doble<\/a><\/div>\t\t\t<\/div>\n\t\t\t<div class=\"description\"><div class=\"information_services\">\n\t<ul>\n\t\t<li><i class=\"fa fa-coffee\"><\/i><\/li>\n\t\t<li><i class=\"fa fa-wifi\"><\/i><\/li>\n\t\t<li><i class=\"fa fa-cutlery\"><\/i><\/li>\n\t\t<li><i class=\"fa fa-plane\"><\/i><\/li>\n\t<\/ul>\n<\/div><\/div>\t\t<\/div>\n\n\t\t\n<div class=\"footer-content-room\">\n\t\n\t\t<div class=\"price\">\n\t\t\t<span class=\"title-price\">Preu des de<\/span>\n\n\t\t\t\t\t\t\t<span class=\"price_value price_min\">\n\t            &euro;65<span class=\"unit\">nit<\/span>\n            <\/span>\n\t\t\t\n\t\t<\/div>\n\t\n\t<div class=\"actions\">\n\t\t<div class=\"action-btn\">\n\t\t\t<a href=\"https:\/\/hostalcalaratjada.com\/ca\/rooms\/doble-aire-condicionat\/\" class=\"button readmore\">\n\t\t\t\tM\u00c9S INFORMACI\u00d3\t\t\t<\/a>\n\t\t<\/div>\n\t<\/div>\n<\/div>\t<\/div><!-- .summary -->\n\n\t\n<\/li>\n\n\n\n<li id=\"room-4668\" class=\"col-md-3 col-sm-6 col-xs-6 post-4668 hb_room type-hb_room status-publish has-post-thumbnail hentry hb_room_type-triple-ca\">\n\n\t\n\t<div class=\"summary entry-summary\">\n\n\t\t\n<div class=\"media\">\n\t<img decoding=\"async\" src=\"https:\/\/hostalcalaratjada.com\/wp-content\/uploads\/2019\/07\/DSC9318-270x270.jpg\" width=\"270\" height=\"270\" alt=\"\"\/>\t<div class=\"actions\">\n\t\t<div class=\"action-btn\">\n\t\t\t<a href=\"https:\/\/hostalcalaratjada.com\/ca\/rooms\/triple-amb-vistes\/\" class=\"button readmore\">\n\t\t\t\tM\u00c9S INFORMACI\u00d3\t\t\t<\/a>\n\t\t<\/div>\n\t<\/div>\n<\/div>\t\t<div class=\"content-room\">\n\t\t\t<div class=\"title-room\">\n\t\t\t\t\n<div class=\"title\">\n\t<h4>\n\t\t<a href=\"https:\/\/hostalcalaratjada.com\/ca\/rooms\/triple-amb-vistes\/\">Triple amb vistes.<\/a>\n\t<\/h4>\n<\/div>\n<div class=\"room-types\"><a href=\"https:\/\/hostalcalaratjada.com\/ca\/room-type\/triple-ca\/\" rel=\"tag\">Triple<\/a><\/div>\t\t\t<\/div>\n\t\t\t<div class=\"description\"><div class=\"information_services\">\n\t<ul>\n\t\t<li><i class=\"fa fa-coffee\"><\/i><\/li>\n\t\t<li><i class=\"fa fa-wifi\"><\/i><\/li>\n\t\t<li><i class=\"fa fa-cutlery\"><\/i><\/li>\n\t\t<li><i class=\"fa fa-plane\"><\/i><\/li>\n\t<\/ul>\n<\/div><\/div>\t\t<\/div>\n\n\t\t\n<div class=\"footer-content-room\">\n\t\n\t\t<div class=\"price\">\n\t\t\t<span class=\"title-price\">Preu des de<\/span>\n\n\t\t\t\t\t\t\t<span class=\"price_value price_min\">\n\t            &euro;72<span class=\"unit\">nit<\/span>\n            <\/span>\n\t\t\t\n\t\t<\/div>\n\t\n\t<div class=\"actions\">\n\t\t<div class=\"action-btn\">\n\t\t\t<a href=\"https:\/\/hostalcalaratjada.com\/ca\/rooms\/triple-amb-vistes\/\" class=\"button readmore\">\n\t\t\t\tM\u00c9S INFORMACI\u00d3\t\t\t<\/a>\n\t\t<\/div>\n\t<\/div>\n<\/div>\t<\/div><!-- .summary -->\n\n\t\n<\/li>\n\n\n\n<li id=\"room-4630\" class=\"col-md-3 col-sm-6 col-xs-6 post-4630 hb_room type-hb_room status-publish has-post-thumbnail hentry\">\n\n\t\n\t<div class=\"summary entry-summary\">\n\n\t\t\n<div class=\"media\">\n\t<img decoding=\"async\" src=\"https:\/\/hostalcalaratjada.com\/wp-content\/uploads\/2019\/07\/DSC9298-270x270.jpg\" width=\"270\" height=\"270\" alt=\"\"\/>\t<div class=\"actions\">\n\t\t<div class=\"action-btn\">\n\t\t\t<a href=\"https:\/\/hostalcalaratjada.com\/ca\/rooms\/triple\/\" class=\"button readmore\">\n\t\t\t\tM\u00c9S INFORMACI\u00d3\t\t\t<\/a>\n\t\t<\/div>\n\t<\/div>\n<\/div>\t\t<div class=\"content-room\">\n\t\t\t<div class=\"title-room\">\n\t\t\t\t\n<div class=\"title\">\n\t<h4>\n\t\t<a href=\"https:\/\/hostalcalaratjada.com\/ca\/rooms\/triple\/\">Triple amb Aire Condicionat<\/a>\n\t<\/h4>\n<\/div>\n\t\t\t<\/div>\n\t\t\t<div class=\"description\"><div class=\"information_services\">\r\n\t<ul>\r\n\t\t<li><i class=\"fa fa-coffee\"><\/i><\/li>\r\n\t\t<li><i class=\"fa fa-wifi\"><\/i><\/li>\r\n\t\t<li><i class=\"fa fa-cutlery\"><\/i><\/li>\r\n\t\t<li><i class=\"fa fa-plane\"><\/i><\/li>\r\n\t<\/ul>\r\n<\/div><\/div>\t\t<\/div>\n\n\t\t\n<div class=\"footer-content-room\">\n\t\n\t\t<div class=\"price\">\n\t\t\t<span class=\"title-price\">Preu des de<\/span>\n\n\t\t\t\t\t\t\t<span class=\"price_value price_min\">\n\t            &euro;75<span class=\"unit\">nit<\/span>\n            <\/span>\n\t\t\t\n\t\t<\/div>\n\t\n\t<div class=\"actions\">\n\t\t<div class=\"action-btn\">\n\t\t\t<a href=\"https:\/\/hostalcalaratjada.com\/ca\/rooms\/triple\/\" class=\"button readmore\">\n\t\t\t\tM\u00c9S INFORMACI\u00d3\t\t\t<\/a>\n\t\t<\/div>\n\t<\/div>\n<\/div>\t<\/div><!-- .summary -->\n\n\t\n<\/li>\n\n\n\n<li id=\"room-4548\" class=\"col-md-3 col-sm-6 col-xs-6 post-4548 hb_room type-hb_room status-publish has-post-thumbnail hentry hb_room_type-doble-ca\">\n\n\t\n\t<div class=\"summary entry-summary\">\n\n\t\t\n<div class=\"media\">\n\t<img decoding=\"async\" src=\"https:\/\/hostalcalaratjada.com\/wp-content\/uploads\/2019\/07\/DSC9349-270x270.jpg\" width=\"270\" height=\"270\" alt=\"\"\/>\t<div class=\"actions\">\n\t\t<div class=\"action-btn\">\n\t\t\t<a href=\"https:\/\/hostalcalaratjada.com\/ca\/rooms\/doble-amb-vistes\/\" class=\"button readmore\">\n\t\t\t\tM\u00c9S INFORMACI\u00d3\t\t\t<\/a>\n\t\t<\/div>\n\t<\/div>\n<\/div>\t\t<div class=\"content-room\">\n\t\t\t<div class=\"title-room\">\n\t\t\t\t\n<div class=\"title\">\n\t<h4>\n\t\t<a href=\"https:\/\/hostalcalaratjada.com\/ca\/rooms\/doble-amb-vistes\/\">Doble amb vistes<\/a>\n\t<\/h4>\n<\/div>\n<div class=\"room-types\"><a href=\"https:\/\/hostalcalaratjada.com\/ca\/room-type\/doble-ca\/\" rel=\"tag\">Doble<\/a><\/div>\t\t\t<\/div>\n\t\t\t<div class=\"description\"><div class=\"information_services\">\n\t<ul>\n\t\t<li><i class=\"fa fa-coffee\"><\/i><\/li>\n\t\t<li><i class=\"fa fa-wifi\"><\/i><\/li>\n\t\t<li><i class=\"fa fa-cutlery\"><\/i><\/li>\n\t\t<li><i class=\"fa fa-plane\"><\/i><\/li>\n\t<\/ul>\n<\/div><\/div>\t\t<\/div>\n\n\t\t\n<div class=\"footer-content-room\">\n\t\n\t\t<div class=\"price\">\n\t\t\t<span class=\"title-price\">Preu des de<\/span>\n\n\t\t\t\t\t\t\t<span class=\"price_value price_min\">\n\t            &euro;60<span class=\"unit\">nit<\/span>\n            <\/span>\n\t\t\t\n\t\t<\/div>\n\t\n\t<div class=\"actions\">\n\t\t<div class=\"action-btn\">\n\t\t\t<a href=\"https:\/\/hostalcalaratjada.com\/ca\/rooms\/doble-amb-vistes\/\" class=\"button readmore\">\n\t\t\t\tM\u00c9S INFORMACI\u00d3\t\t\t<\/a>\n\t\t<\/div>\n\t<\/div>\n<\/div>\t<\/div><!-- .summary -->\n\n\t\n<\/li>\n\n\n\n<li id=\"room-4504\" class=\"col-md-3 col-sm-6 col-xs-6 post-4504 hb_room type-hb_room status-publish has-post-thumbnail hentry\">\n\n\t\n\t<div class=\"summary entry-summary\">\n\n\t\t\n<div class=\"media\">\n\t<img decoding=\"async\" src=\"https:\/\/hostalcalaratjada.com\/wp-content\/uploads\/2019\/07\/DSC9347-270x270.jpg\" width=\"270\" height=\"270\" alt=\"\"\/>\t<div class=\"actions\">\n\t\t<div class=\"action-btn\">\n\t\t\t<a href=\"https:\/\/hostalcalaratjada.com\/ca\/rooms\/doble-amb-balco\/\" class=\"button readmore\">\n\t\t\t\tM\u00c9S INFORMACI\u00d3\t\t\t<\/a>\n\t\t<\/div>\n\t<\/div>\n<\/div>\t\t<div class=\"content-room\">\n\t\t\t<div class=\"title-room\">\n\t\t\t\t\n<div class=\"title\">\n\t<h4>\n\t\t<a href=\"https:\/\/hostalcalaratjada.com\/ca\/rooms\/doble-amb-balco\/\">Dobles amb balc\u00f3.<\/a>\n\t<\/h4>\n<\/div>\n\t\t\t<\/div>\n\t\t\t<div class=\"description\"><div class=\"information_services\">\n\t<ul>\n\t\t<li><i class=\"fa fa-coffee\"><\/i><\/li>\n\t\t<li><i class=\"fa fa-wifi\"><\/i><\/li>\n\t\t<li><i class=\"fa fa-cutlery\"><\/i><\/li>\n\t\t<li><i class=\"fa fa-plane\"><\/i><\/li>\n\t<\/ul>\n<\/div><\/div>\t\t<\/div>\n\n\t\t\n<div class=\"footer-content-room\">\n\t\n\t\t<div class=\"price\">\n\t\t\t<span class=\"title-price\">Preu des de<\/span>\n\n\t\t\t\t\t\t\t<span class=\"price_value price_min\">\n\t            &euro;53<span class=\"unit\">nit<\/span>\n            <\/span>\n\t\t\t\n\t\t<\/div>\n\t\n\t<div class=\"actions\">\n\t\t<div class=\"action-btn\">\n\t\t\t<a href=\"https:\/\/hostalcalaratjada.com\/ca\/rooms\/doble-amb-balco\/\" class=\"button readmore\">\n\t\t\t\tM\u00c9S INFORMACI\u00d3\t\t\t<\/a>\n\t\t<\/div>\n\t<\/div>\n<\/div>\t<\/div><!-- .summary -->\n\n\t\n<\/li>\n\n\n\n<li id=\"room-4475\" class=\"col-md-3 col-sm-6 col-xs-6 post-4475 hb_room type-hb_room status-publish has-post-thumbnail hentry\">\n\n\t\n\t<div class=\"summary entry-summary\">\n\n\t\t\n<div class=\"media\">\n\t<img decoding=\"async\" src=\"https:\/\/hostalcalaratjada.com\/wp-content\/uploads\/2019\/07\/IMG_6407-270x270.jpg\" width=\"270\" height=\"270\" alt=\"\"\/>\t<div class=\"actions\">\n\t\t<div class=\"action-btn\">\n\t\t\t<a href=\"https:\/\/hostalcalaratjada.com\/ca\/rooms\/doble-economica\/\" class=\"button readmore\">\n\t\t\t\tM\u00c9S INFORMACI\u00d3\t\t\t<\/a>\n\t\t<\/div>\n\t<\/div>\n<\/div>\t\t<div class=\"content-room\">\n\t\t\t<div class=\"title-room\">\n\t\t\t\t\n<div class=\"title\">\n\t<h4>\n\t\t<a href=\"https:\/\/hostalcalaratjada.com\/ca\/rooms\/doble-economica\/\">Doble amb aire condicionat<\/a>\n\t<\/h4>\n<\/div>\n\t\t\t<\/div>\n\t\t\t<div class=\"description\"><div class=\"information_services\">\n\t<ul>\n\t\t<li><i class=\"fa fa-coffee\"><\/i><\/li>\n\t\t<li><i class=\"fa fa-wifi\"><\/i><\/li>\n\t\t<li><i class=\"fa fa-cutlery\"><\/i><\/li>\n\t\t<li><i class=\"fa fa-plane\"><\/i><\/li>\n\t<\/ul>\n<\/div><\/div>\t\t<\/div>\n\n\t\t\n<div class=\"footer-content-room\">\n\t\n\t\t<div class=\"price\">\n\t\t\t<span class=\"title-price\">Preu des de<\/span>\n\n\t\t\t\t\t\t\t<span class=\"price_value price_min\">\n\t            &euro;62<span class=\"unit\">nit<\/span>\n            <\/span>\n\t\t\t\n\t\t<\/div>\n\t\n\t<div class=\"actions\">\n\t\t<div class=\"action-btn\">\n\t\t\t<a href=\"https:\/\/hostalcalaratjada.com\/ca\/rooms\/doble-economica\/\" class=\"button readmore\">\n\t\t\t\tM\u00c9S INFORMACI\u00d3\t\t\t<\/a>\n\t\t<\/div>\n\t<\/div>\n<\/div>\t<\/div><!-- .summary -->\n\n\t\n<\/li>\n\n\n<\/ul>\n\n<\/div><\/div>\n\t\t\n\t\n<\/div>\n<\/div><\/div><\/div><\/div><\/div>","protected":false},"excerpt":{"rendered":"<p>Les nostres habitacions dobles ofereixen comoditats com bany privat i aire condicionat. Les habitacions tenen finestra o terrassa amb vistes al tranquil pati interior i televisi\u00f3, segons disponibilitat. A m\u00e9s, proporcionem roba de llit i tovalloles per a m\u00e9s comoditat dels nostres hostes.<br \/>\nPer a m\u00e9s seguretat, posem a la disposici\u00f3 dels nostres clients una <\/p>\n","protected":false},"author":1,"featured_media":0,"parent":0,"menu_order":0,"comment_status":"closed","ping_status":"closed","template":"","meta":{"footnotes":""},"class_list":["post-4726","page","type-page","status-publish","hentry"],"aioseo_notices":[],"_links":{"self":[{"href":"https:\/\/hostalcalaratjada.com\/ca\/wp-json\/wp\/v2\/pages\/4726","targetHints":{"allow":["GET"]}}],"collection":[{"href":"https:\/\/hostalcalaratjada.com\/ca\/wp-json\/wp\/v2\/pages"}],"about":[{"href":"https:\/\/hostalcalaratjada.com\/ca\/wp-json\/wp\/v2\/types\/page"}],"author":[{"embeddable":true,"href":"https:\/\/hostalcalaratjada.com\/ca\/wp-json\/wp\/v2\/users\/1"}],"replies":[{"embeddable":true,"href":"https:\/\/hostalcalaratjada.com\/ca\/wp-json\/wp\/v2\/comments?post=4726"}],"version-history":[{"count":0,"href":"https:\/\/hostalcalaratjada.com\/ca\/wp-json\/wp\/v2\/pages\/4726\/revisions"}],"wp:attachment":[{"href":"https:\/\/hostalcalaratjada.com\/ca\/wp-json\/wp\/v2\/media?parent=4726"}],"curies":[{"name":"wp","href":"https:\/\/api.w.org\/{rel}","templated":true}]}}