{"id":4200,"date":"2019-05-08T15:53:36","date_gmt":"2019-05-08T13:53:36","guid":{"rendered":"http:\/\/artadigital.es\/hostalcalaratjada?page_id=4200"},"modified":"2023-07-06T15:25:46","modified_gmt":"2023-07-06T13:25:46","slug":"sobre-nosotros_deu","status":"publish","type":"page","link":"https:\/\/hostalcalaratjada.com\/de\/sobre-nosotros_deu\/","title":{"rendered":"\u00dcber uns"},"content":{"rendered":"<div id=\"pl-4200\"  class=\"panel-layout\" ><div id=\"pg-4200-0\"  class=\"panel-grid panel-no-style\" ><div id=\"pgc-4200-0-0\"  class=\"panel-grid-cell\" ><div id=\"panel-4200-0-0-0\" class=\"so-panel widget widget_icon-box panel-first-child panel-last-child\" data-index=\"0\" ><div class=\"panel-widget-style panel-widget-style-for-4200-0-0-0\" ><div class=\"thim-widget-icon-box thim-widget-icon-box-base template-base\"><div class=\"inner-box \"><div style=\"background-image:url()\" class=\"wrapper-box-icon text-center   wrapper-line-heading\" ><div class=\"smicon-box iconbox-top\"><div class=\"content-inner\" ><div class=\"sc-heading article_heading\"><h3 class = \"heading__primary\" >\u00dcber uns<\/h3><span class=\"line-heading\"><span><\/span><\/span><\/div><div class=\"desc-icon-box\"><div >In der nord\u00f6stlichen Ecke der Insel Mallorca, im Bezirk Llevant, befindet sich der kleine Fischerhafen von Cala Ratjada, der zur Gemeinde Capdepera geh\u00f6rt.\nCapdepera (Cala Ratjada) wurde zu einem der wichtigsten Touristenziele der Insel erhoben. Es ist ber\u00fchmt f\u00fcr die abrupte K\u00fcste, an der sich viele Buchten befinden. Sie k\u00f6nnen ausgedehnte Spazierg\u00e4nge durch Waldgebiete, Str\u00e4nde und kleine Buchten unternehmen und die zahlreichen Angebote genie\u00dfen, die Cala Ratjada seinen Besuchern bietet.<\/p>\nDas Hostal Cala Ratjada wurde 1950 vor dem Fischereihafen er\u00f6ffnet und wird seitdem von der Familie gef\u00fchrt. Wenn Sie Ihren Urlaub in einer angenehmen Umgebung und in einer pers\u00f6nlichen und vertrauensvollen Atmosph\u00e4re verbringen m\u00f6chten, kontaktieren Sie uns.<\/i><\/b><\/p><\/div><\/div><\/div><\/div><!--end smicon-box--><\/div><\/div><\/div><\/div><\/div><\/div><\/div><div id=\"pg-4200-1\"  class=\"panel-grid panel-has-style\" ><div class=\"thim-bg-overlay siteorigin-panels-stretch article__parallax panel-row-style panel-row-style-for-4200-1\" data-stretch-type=\"full\" ><div id=\"pgc-4200-1-0\"  class=\"panel-grid-cell\" ><\/div><\/div><\/div><div id=\"pg-4200-2\"  class=\"panel-grid panel-has-style\" ><div class=\"thim-gallery-box siteorigin-panels-stretch panel-row-style panel-row-style-for-4200-2\" data-stretch-type=\"full\" ><div id=\"pgc-4200-2-0\"  class=\"panel-grid-cell\" ><div id=\"panel-4200-2-0-0\" class=\"so-panel widget widget_icon-box panel-first-child\" data-index=\"2\" ><div class=\"panel-widget-style panel-widget-style-for-4200-2-0-0\" ><div class=\"thim-widget-icon-box thim-widget-icon-box-base template-base\"><div class=\"inner-box \"><div style=\"background-image:url()\" class=\"wrapper-box-icon text-center   wrapper-line-heading\" ><div class=\"smicon-box iconbox-top\"><div class=\"content-inner\" ><div class=\"sc-heading article_heading\"><h3 class = \"heading__primary\" >Galerie<\/h3><span class=\"line-heading\"><span><\/span><\/span><\/div><div class=\"desc-icon-box\"><div >Unsere Herberge<\/div><\/div><\/div><\/div><!--end smicon-box--><\/div><\/div><\/div><\/div><\/div><div id=\"panel-4200-2-0-1\" class=\"so-panel widget widget_gallery-images panel-last-child\" data-index=\"3\" ><div class=\"panel-widget-style panel-widget-style-for-4200-2-0-1\" ><div class=\"thim-widget-gallery-images thim-widget-gallery-images-base template-base\"><div class=\"thim-gallery-images owl-carousel gallery-img \"><div class=\"item\"><img src =\"https:\/\/hostalcalaratjada.com\/wp-content\/uploads\/2019\/05\/dormitorio7.jpg\" width=\"1000\" height=\"667\" alt= \"\u00dcber uns\" \/><\/div><div class=\"item\"><img src =\"https:\/\/hostalcalaratjada.com\/wp-content\/uploads\/2019\/05\/DSC9347.jpg\" width=\"2000\" height=\"1335\" alt= \"\u00dcber uns\" \/><\/div><div class=\"item\"><img src =\"https:\/\/hostalcalaratjada.com\/wp-content\/uploads\/2019\/05\/DSC9318.jpg\" width=\"2000\" height=\"1335\" alt= \"\u00dcber uns\" \/><\/div><div class=\"item\"><img src =\"https:\/\/hostalcalaratjada.com\/wp-content\/uploads\/2019\/05\/DSC9318.jpg\" width=\"2000\" height=\"1335\" alt= \"\u00dcber uns\" \/><\/div><\/div><\/div><\/div><\/div><\/div><\/div><\/div><div id=\"pg-4200-3\"  class=\"panel-grid panel-no-style\" ><div id=\"pgc-4200-3-0\"  class=\"panel-grid-cell\" ><div id=\"panel-4200-3-0-0\" class=\"so-panel widget widget_icon-box panel-first-child panel-last-child\" data-index=\"4\" ><div class=\"thim-widget-icon-box thim-widget-icon-box-base template-base\"><div class=\"inner-box \"><div style=\"background-image:url()\" class=\"wrapper-box-icon text-center   wrapper-line-heading\" ><div class=\"smicon-box iconbox-top\"><div class=\"content-inner\" ><div class=\"sc-heading article_heading\"><h3 class = \"heading__primary\" >Service &#38; Einrichtungen des Cala Ratjada Hostels<\/h3><span class=\"line-heading\"><span><\/span><\/span><\/div><div class=\"desc-icon-box\"><div >Das Hostal Cala Ratjada, seit 1950 in Familienbesitz, befindet sich weniger als 50 m vom Hafen von Cala Ratjada auf Mallorca entfernt. Ca. 5 Minuten von Cala Gat, 10 Minuten von Son Moll und ca. 15 vom Strand von Cala Agulla entfernt. Wir haben auch eine Touristeninformation. Der Flughafen Palma de Mallorca ist etwa 80 km entfernt. Auf Anfrage bieten wir einen Shuttleservice zwischen dem Flughafen und dem Hostel an. Das Hostal Cala Ratjada verf\u00fcgt \u00fcber eine Bar mit Sat-TV, wo auch das Fr\u00fchst\u00fcck serviert wird. Die Rezeption ist rund um die Uhr besetzt (in der Mittel- und Hochsaison). WLAN nutzen Sie im \u00f6ffentlichen Bereich und kostenfreie Parkpl\u00e4tze in der N\u00e4he.<\/div><\/div><\/div><\/div><!--end smicon-box--><\/div><\/div><\/div><\/div><\/div><\/div><div id=\"pg-4200-4\"  class=\"panel-grid panel-no-style\" ><div id=\"pgc-4200-4-0\"  class=\"panel-grid-cell\" ><div id=\"panel-4200-4-0-0\" class=\"so-panel widget widget_single-images panel-first-child panel-last-child\" data-index=\"5\" ><div class=\"thim-widget-single-images thim-widget-single-images-base template-base\"><div class=\"single-image left\" ><img style=\"height:;\" src =\"https:\/\/hostalcalaratjada.com\/wp-content\/uploads\/2019\/05\/Capturadeu.png\" width=\"\" height=\"\" alt= \"\u00dcber uns\" \/><\/div><\/div><\/div><\/div><\/div><\/div>","protected":false},"excerpt":{"rendered":"<p>\u00dcber unsIn der nord\u00f6stlichen Ecke der Insel Mallorca, im Bezirk Llevant, befindet sich der kleine Fischerhafen von Cala Ratjada, der zur Gemeinde Capdepera geh\u00f6rt.<br \/>\nCapdepera (Cala Ratjada) wurde zu einem der wichtigsten Touristenziele der Insel erhoben. Es ist ber\u00fchmt f\u00fcr die abrupte K\u00fcste, an der sich viele Buchten befinden. Sie k\u00f6nnen ausgedehnte Spazierg\u00e4nge durch Waldgebiete, <\/p>\n","protected":false},"author":1,"featured_media":0,"parent":0,"menu_order":0,"comment_status":"closed","ping_status":"closed","template":"","meta":{"footnotes":""},"class_list":["post-4200","page","type-page","status-publish","hentry"],"aioseo_notices":[],"_links":{"self":[{"href":"https:\/\/hostalcalaratjada.com\/de\/wp-json\/wp\/v2\/pages\/4200","targetHints":{"allow":["GET"]}}],"collection":[{"href":"https:\/\/hostalcalaratjada.com\/de\/wp-json\/wp\/v2\/pages"}],"about":[{"href":"https:\/\/hostalcalaratjada.com\/de\/wp-json\/wp\/v2\/types\/page"}],"author":[{"embeddable":true,"href":"https:\/\/hostalcalaratjada.com\/de\/wp-json\/wp\/v2\/users\/1"}],"replies":[{"embeddable":true,"href":"https:\/\/hostalcalaratjada.com\/de\/wp-json\/wp\/v2\/comments?post=4200"}],"version-history":[{"count":0,"href":"https:\/\/hostalcalaratjada.com\/de\/wp-json\/wp\/v2\/pages\/4200\/revisions"}],"wp:attachment":[{"href":"https:\/\/hostalcalaratjada.com\/de\/wp-json\/wp\/v2\/media?parent=4200"}],"curies":[{"name":"wp","href":"https:\/\/api.w.org\/{rel}","templated":true}]}}