{"id":4269,"date":"2019-05-09T09:22:40","date_gmt":"2019-05-09T07:22:40","guid":{"rendered":"http:\/\/artadigital.es\/hostalcalaratjada?page_id=4269"},"modified":"2019-10-21T10:32:30","modified_gmt":"2019-10-21T08:32:30","slug":"rechtlich","status":"publish","type":"page","link":"https:\/\/hostalcalaratjada.com\/de\/rechtlich\/","title":{"rendered":"Legalit\u00e4t"},"content":{"rendered":"<p>Die korrekte Verwendung der Web-Seite: Diese Nutzungsbedingungen regeln den Zugang zu und die Nutzung der Website Die Nutzung dieser Website schreibt den Zustand des Benutzers des gleichen vom Moment der Zugang und starten Sie das gleiche Surfen , akzeptiert der Benutzer ausdr\u00fccklich von diesem Moment an einem seiner Inhalte zugreifen, diese allgemeinen Gesch\u00e4ftsbedingungen. Ebenso akzeptiert der Benutzer die besonderen Bedingungen f\u00fcr die verschiedenen Dienstleistungen und Produkte von der Firma, die im Internet angeboten werden.<\/p>\n<p>Der Nutzer verpflichtet sich, die Akzeptanz der Benutzung der Website, Inhalte und Dienstleistungen gem\u00e4\u00df dem Gesetz, die Moral und die \u00f6ffentliche Ordnung zu machen. Mit auf die Art von Service genossen \u00fcber die Website Diligence.<\/p>\n<p>A) Geben Sie nicht, zu speichern oder zu verbreiten Informationen oder Materialien in irgendeiner Weise sch\u00e4dlich f\u00fcr die Moral, der \u00f6ffentlichen Ordnung, Grundrechte, die \u00f6ffentlichen Freiheiten, die Ehre, die Privatsph\u00e4re oder das Bild der anderen und allgemeinen Vorschriften in Kraft;<\/p>\n<p>B) verbietet ausdr\u00fccklich jede Aktion, die besch\u00e4digt werden k\u00f6nnten, zu deaktivieren, unzug\u00e4nglich zu machen oder die Website beeintr\u00e4chtigen, dessen Inhalt oder seine Dienstleistungen oder zu verhindern normalen Genu\u00df es von anderen Benutzern.<\/p>\n<p>C) Der Nutzer verpflichtet sich ausdr\u00fccklich nicht zu zerst\u00f6ren, zu ver\u00e4ndern, zu deaktivieren oder Schadendaten, Programme oder elektronische Dokumente im Web gefunden.<\/p>\n<p>D) Der Nutzer verpflichtet sich nicht, zu speichern oder verteilen Sie alle Computerprogramme, Daten, Viren, Code, Hardware oder Telekommunikationsausr\u00fcstung oder ein anderes Instrument oder elektronische oder physische Ger\u00e4t einzuf\u00fchren, die zu einem Verlust auf der Website der Lage ist, in einer der Dienste, oder eines der Ger\u00e4te, Systeme oder Netzwerke des Unternehmens, kann jeder Benutzer einen anderen Benutzer, Lieferanten oder allgemein dritte oder sonst in der Lage sein, jede Art von Ver\u00e4nderung zu bewirken, oder den normalen Betrieb behindern davon;<\/p>\n<p>E) Sie keine Werbung, Promotion oder eine kommerzielle Nutzung durch die Portal-Aktivit\u00e4ten, nicht mit den Inhalten und insbesondere machen die Informationen \u00fcber die Website erhalten Werbebotschaften mit personenbezogenen Daten Dritter zu senden;<\/p>\n<p>F) jede Ma\u00dfnahme, die verboten ist zerst\u00f6ren, zu ver\u00e4ndern, verwenden Sie f\u00fcr die Verwendung, deaktivieren oder Besch\u00e4digung Daten, Informationen, Programme oder elektronische Dokumente der Organisation, deren Lieferanten oder Dritten;<\/p>\n<p>G) jede Handlung untersagt, die Verletzung des geistigen, gewerblichen oder Geheimnisse Dritter oder allgemein beinhaltet ausdr\u00fccklich die Verwendung von Inhalten, von denen nicht verboten ist der Benutzer ist, in \u00dcbereinstimmung mit dem Gesetz, das Recht machen es zu dritten verf\u00fcgbar;<\/p>\n<p>H) Der Nutzer von Praktiken oder Handlungen von \u201cSpam\u201d oder als Folge der Nutzung des Web oder die Informationen und Dienstleistungen f\u00fcr die Zwecke des Verkaufs oder einer anderen kommerziellen Charakter, zu einer Vielzahl von Menschen verboten ist, ohne ihre Anforderung oder Zustimmung, oder jede andere unerw\u00fcnschte oder zuvor eingewilligt zu einer Vielzahl von Menschen Nachrichten, nicht Kette unerbetener elektronischer Nachrichten oder vorher zugestimmt oder Verteilerlisten verwendet werden, die \u00fcber das Internet zugegriffen werden kann senden<\/p>\n<p>I) Das Unternehmen beh\u00e4lt sich das Recht vor, jede Art von rechtliche Schritte gegen diejenigen, die die \u00fcbernommenen Verpflichtungen versto\u00dfen zu machen.<\/p>\n<p>MODIFICACIONES.- Das Unternehmen beh\u00e4lt sich das Recht vor, einseitig zu \u00e4ndern, jederzeit und ohne diese Bedingungen k\u00fcndigen. In diesen F\u00e4llen wird auf die Ver\u00f6ffentlichung gehen und so weit wie m\u00f6glich im Voraus bemerken. Ebenso beh\u00e4lt sich das Recht vor, einseitig zu \u00e4ndern, jederzeit und ohne vorherige Ank\u00fcndigung, die Pr\u00e4sentation und die Konfiguration des Web.<\/p>\n<p>LINKS ZU: Diese rechtlichen Hinweise beziehen sich nur auf die Website und den Inhalten der Seite des Unternehmens und gilt nicht f\u00fcr Links oder Webseiten Dritter \u00fcber die Website zug\u00e4nglich. Das Unternehmen ist nicht verantwortlich f\u00fcr den Inhalt von Websites Ziel eines Links, oder Links auf einer Webseite enthalten sind, die von der Website des Unternehmens erreicht wird.<\/p>\n<p>Verwendung von Cookies: Diese Website verwendet Cookies. Cookies sind kleine Dateien, die auf dem Computer des Benutzers generiert werden und es uns erm\u00f6glichen, die folgenden Informationen zu wissen: das Datum und die Uhrzeit der letzten Zeit der Benutzer unserer Website Content-Design besucht, die der Benutzer entschieden hat, seinem letzten Besuch auf unserer Website, Sicherheitselemente in die Kontrolle des Zugangs zu gesch\u00fctzten Bereichen beteiligt. Ein Unternehmen kann \u201cCookies\u201d verwenden, wenn Anwender Web-Seiten durchsuchen zuzugreifen und diese verwenden, obwohl es nicht notwendig ist, um die Installation von \u201cCookies\u201d zu erm\u00f6glichen. \u201cCookies\u201d sind nur mit dem Computer verbunden sind, aber keine Daten zur Verf\u00fcgung stellen den Namen des Benutzers zu schlie\u00dfen, noch k\u00f6nnen sie Daten von der Festplatte gelesen oder von Dritten Computer des Benutzers \u201cCookies\u201d erstellt erkennen. Der Benutzer kann Ihr Browser, nach den Anweisungen und Handb\u00fccher zu konfigurieren, die anwendbar sind, auf dem Bildschirm der Empfang von \u201cCookies\u201d und die Installation von \u201cCookies\u201d auf Ihrer Festplatte verhindern, informiert werden. Alle gem\u00e4\u00df Artikel 22.2 des Gesetzes 34\/2002 vom 11. Juli, Dienstleistungen der Informationsgesellschaft und den elektronischen Gesch\u00e4ftsverkehr zur \u00c4nderung der gem\u00e4\u00df Art. 4 Real Gesetzesdekret 13\/2012, umformuliert.<\/p>\n<p>geistigen Alle Inhalte der Website Eigentum von dem Unternehmen ausschlie\u00dflich im Besitz, und mit, aber erscheinen zu, Grafik-Design, Quellcode, Logos, Texte, Grafiken, Illustrationen, Fotos und andere Elemente deklarativen Charakter nicht beschr\u00e4nkt auf WEB-Seite. Ebenso Handelsnamen, Marken oder Logos jeglicher Art auf der Website enthalten sind, durch das Recht des geistigen Eigentums gesch\u00fctzt. Er entspricht dem Unternehmen die ausschlie\u00dfliche Aus\u00fcbung der Verwertungsrechte der eingangs genannten geistigen Eigentum in irgendeiner Form und insbesondere die Rechte zur Vervielf\u00e4ltigung, Verbreitung, \u00f6ffentliche Kommunikation. Der Nutzer ist jede nicht einvernehmlichen Nutzung aller oder eines Teils der von der Inhalt der Website verboten, die die Rechte des geistigen Eigentums des Unternehmens auf der Seite und \/ oder deren Inhalte zu integrieren.<\/p>\n<p>Das Unternehmen beh\u00e4lt sich das Recht vor, jede Art von rechtliche Schritte gegen jeden Benutzer zu machen, die Ma\u00dfnahme, die eine Reproduktion f\u00fchrt, Vertrieb, Marketing, Verarbeitung, und in der Regel eine andere Form der Ausbeutung durch irgendwelche Mittel, alle oder einen Teil des Inhalts Webseite und stellt eine Verletzung der geistigen Eigentumsrechte und \/ oder industriellen davon.<\/p>\n<p>HINWEISE: Im Sinne dieser Allgemeinen Gesch\u00e4ftsbedingungen und f\u00fcr jede Kommunikation, die zwischen dem Unternehmen und dem Nutzer erforderlich ist, sollten sie per E-Mail Hostal Cala Ratjada Hostal Cala @ Ratjada.com angesprochen werden. Die Mitteilungen des Unternehmens an den Nutzer wird nach den von ihm zur Verf\u00fcgung gestellten Daten auf der Website zu registrieren. Der Nutzer akzeptiert und f\u00fcr die gesamte Kommunikation der Benutzung der Website in Bezug auf und \/ oder die Services, die darin angebotenen Einstellung, die Verwendung von E-Mail als g\u00fcltig f\u00fcr die Erstattung solcher Kommunikationsverfahren.<\/p>\n<p>GELTENDEM RECHT. Diese Bedingungen GERICHTSBARKEIT sind nach spanischem Recht, die in Angelegenheiten gilt in diesem Vertrag nicht in Fragen der Auslegung, G\u00fcltigkeit und Ausf\u00fchrung zur Verf\u00fcgung gestellt. Die Parteien verzichten ausdr\u00fccklich auf die Immunit\u00e4t sie berechtigt sind, und ausdr\u00fccklich auf die Gerichte von Palma de Mallorca einreichen etwaige Streitigkeiten zu l\u00f6sen, die bei der Erf\u00fcllung dieser Vertragsbedingungen ergeben k\u00f6nnen.<\/p>\n<p>REGELUNG DER HAFTUNG:<\/p>\n<p>A) Sie sind damit einverstanden, dass die Nutzung der Website sowie die Erbringung von Dienstleistungen oder Verkauf von Produkten angeboten werden darin auf Ihr eigenes Risiko und Ihre Verantwortung.<\/p>\n<p>B) Das Unternehmen haftet nicht f\u00fcr Sch\u00e4den an den Nutzer verursacht durch den Ausfall dieser, das Gesetz, die Moral und die guten Sitten und der \u00f6ffentlichen Ordnung oder der Verwendung der Produkte und \/ oder Dienstleistungen angeboten werden, so Gegenteil nachl\u00e4ssig oder unsachgem\u00e4\u00dfe oder illegale Zwecke oder Auswirkungen auf die Bestimmungen dieser allgemeinen Gesch\u00e4ftsbedingungen oder in den geltenden Bedingungen gegebenenfalls anwendbar. Insbesondere Derivate dieser Verfahren: Verletzung der Rechte des geistigen Eigentums, Verletzung des Berufsgeheimnisses, Verletzung der Rechte zu ehren, pers\u00f6nliche und famili\u00e4re Privatsph\u00e4re und das Image von Personen sowie die Vorschriften Schutz von Kindern und Jugendlichen Handlungen des unlauteren Wettbewerbs durchgef\u00fchrt wird, illegale Werbung leitenden oder ein Verbrechen oder Handlungen eines pornografischer Natur darstellen. Die Illegalit\u00e4t oder Mangel an Wahrhaftigkeit, Genauigkeit, Zuverl\u00e4ssigkeit, Relevanz, Aktualit\u00e4t und Vollst\u00e4ndigkeit der Inhalte und Informationen \u00fcbertragen oder durch das Unternehmen f\u00fcr die Nutzer nicht direkt zur Verf\u00fcgung gestellt.<\/p>\n<p>C) Das Unternehmen unter keinen Umst\u00e4nden haftbar f\u00fcr Sch\u00e4den, die durch den Benutzer von Unterbrechungen entstehen, Computerviren, St\u00f6rungen und \/ oder Unterbrechungen in den Betrieb dieses elektronischen Systems oder Ger\u00e4ten und Computern der Nutzer aufgrund von Ursachen gelitten au\u00dferhalb der Einheit, die die Erbringung von Dienstleistungen oder die Navigation im System Verf\u00fcgbarkeit, Zug\u00e4nglichkeit und den Betrieb oder die Kontinuit\u00e4t der verlinkten Seiten zu verhindern oder zu verz\u00f6gern.<\/p>\n<p>D) Das Unternehmen unter keinen Umst\u00e4nden haftbar f\u00fcr Sch\u00e4den, die durch den Benutzer die sich aus der Qualit\u00e4t, Rechtm\u00e4\u00dfigkeit, Zuverl\u00e4ssigkeit, Benutzerfreundlichkeit, Zuverl\u00e4ssigkeit, G\u00fcltigkeit, Vollst\u00e4ndigkeit und \/ oder Authentizit\u00e4t der Inhalte auf den verlinkten Seiten gelitten. und wird f\u00fcr die Wartung, Bereitstellung oder \u00dcbermittlung der Inhalte auf den verlinkten Seiten nicht verantwortlich.<\/p>\n<p>E) Das Unternehmen unter keinen Umst\u00e4nden haftbar f\u00fcr Sch\u00e4den, die durch den Benutzer litt unter Verz\u00f6gerungen oder Blockaden bei der Nutzung verursacht durch M\u00e4ngel oder \u00dcberlastungen von Internet oder andere elektronische Systeme entstehen;<\/p>\n<p>F) Das Unternehmen unter keinen Umst\u00e4nden haftbar f\u00fcr Sch\u00e4den, die durch den Benutzer, die von Dritten durch illegale au\u00dferhalb der Kontrolle des Portals gelitten und sind nicht auf das Unternehmen verursacht werden k\u00f6nnen;<\/p>\n<p>G) Das Unternehmen unter keinen Umst\u00e4nden haftbar f\u00fcr Sch\u00e4den, die durch den Benutzer von De entstehenden erlitten die Unm\u00f6glichkeit der Erbringung der Dienstleistung, Verkauf von Produkten und \/ oder den Zugang nicht zurechenbaren Gr\u00fcnden Ursachen f\u00fcr das Unternehmen zu erm\u00f6glichen, durch die Nutzer, Dritte oder h\u00f6here Gewalt; sowie den Ausfall oder mangelhafter Leistung oder K\u00fcndigung aus irgendeinem Grund von Vertr\u00e4gen mit Dritten f\u00fcr die Erbringung von Dienstleistungen \u00fcber das Web.<\/p>\n<p>H) Die Einheit antwortet in jedem Fall f\u00fcr Sch\u00e4den durch den Benutzer, die aufgrund der Existenz von Viren in dem Computersystem erlitten, elektronische Dokumente oder Dateien der Benutzer sein kann. In \u00e4hnlicher Weise das Vorhandensein des Virus in die Dienste von Dritten \u00fcber das Internet zur Verf\u00fcgung gestellt, so dass \u00c4nderungen in dem Computersystem, elektronische Dokumente oder Dateien von Benutzern.<\/p>\n<p>I) Das Unternehmen unter keinen Umst\u00e4nden haftbar f\u00fcr Sch\u00e4den, die aus dem Wissen entstehen kann, dass unbefugte Dritte Klasse Bedingungen gewinnen kann, Merkmale und Umst\u00e4nde der Zugang und die Nutzung, dass die Nutzer des Web und die Informationen und Dienstleistungen sowie die Nichteinhaltung von Nutzern \u00fcber ihre Verpflichtungen in Bezug auf personenbezogene Daten<\/p>\n<p>J) Das Unternehmen ist nicht verantwortlich f\u00fcr die Inhalte, Dienstleistungen, Informationen und in der Regel alles, was auf der Seite angezeigt werden k\u00f6nnen, die \u00fcber den Link in der letzteren zugegriffen werden kann, wird eingerichtet.<\/p>\n<p>k) F\u00fcr den Fall, dass jeder von den allgemeinen Bedingungen und \/ oder Personen, gegebenenfalls nichtig und \/ oder f\u00fcr ung\u00fcltig erkl\u00e4rt werden, ber\u00fchrt dies die Wirksamkeit der \u00fcbrigen beeinflussen w\u00fcrde weiterhin zwischen den Parteien verbindlich. F\u00fcr den Fall, dass jede Partei die Anforderung zu einem bestimmten Zeitpunkt verzichten kann mit jedem der allgemeinen Bedingungen und \/ oder Personen in Ihrem Fall zu erf\u00fcllen, die erlassen; Dies bedeutet, dass keine generelle Verzicht auf die Erf\u00fcllung der anderen Bedingungen, noch schaffen ein Recht f\u00fcr die andere Partei erworben.<\/p>\n<p>GELTENDEM RECHT. Diese Bedingungen GERICHTSBARKEIT sind nach spanischem Recht, die in Angelegenheiten gilt in diesem Vertrag nicht in Fragen der Auslegung, G\u00fcltigkeit und Ausf\u00fchrung zur Verf\u00fcgung gestellt. Die Parteien verzichten ausdr\u00fccklich auf die Immunit\u00e4t sie berechtigt sind, und ausdr\u00fccklich auf die Gerichte von Palma de Mallorca einreichen etwaige Streitigkeiten zu l\u00f6sen, die bei der Erf\u00fcllung dieser Vertragsbedingungen ergeben k\u00f6nnen.<\/p>\n<p>SCHUTZPOLITIK ZUR PERSON<\/p>\n<p>1.1 F\u00fcr die Zwecke der Bestimmungen des Gesetzes 15\/1999 vom 13. Dezember Schutz personenbezogener Daten, Hostal Cala Ratjada S. L. informiert den Anwender \/ Kunde von der Existenz einer Datei mit personenbezogenen mit den Daten auf der Website von und f\u00fcr Hostal Cala Ratjada SL und unter ihrer Verantwortung erhalten erzeugten Daten, zum Zwecke der Information und die Bereitstellung von Dienstleistungen und \/ oder Verkauf von Produkten auf der Website angeboten. Diese Datei wird im Allgemeinen Register der Datenschutzbeh\u00f6rde unter dem Namen Kunden \/ Benutzer registriert.<\/p>\n<p>1.2 Der Kunde \/ Benutzer akzeptiert ausdr\u00fccklich die Einbeziehung von Daten gesammelt, w\u00e4hrend die Website durchsuchen, oder zur Verf\u00fcgung gestellt von in irgendeiner Form f\u00fcllen, sowie diejenigen, die aus einer m\u00f6glichen Gesch\u00e4ftsbeziehung mit der automatisierten Datei mit personenbezogenen Daten entstehen im Sinne des Abschnitt zuerst. W\u00e4hrend des Prozesses der Datenerhebung und an jedem Ort der Bahn, in der solche Daten angefordert wird, wird der Kunde informiert, entweder \u00fcber einen Hyperlink, entweder, indem entsprechende Referenzen in der Form selbst, obligatorisch oder eine solche Datensammlung. Ein Kunde, der auf der Website des Unternehmens zu registrieren entscheidet, fordern wir die Daten, die f\u00fcr die Zwecke, zu dem er die T\u00e4tigkeit unseres Unternehmens bestimmt ist.<\/p>\n<p>1.3 Der Kunde in Bezug auf Daten in der Art und Weise in dem vorstehenden Absatz gesammelt aus\u00fcben k\u00f6nnen, erkannten die Rechte im Gesetz 15\/1999 und insbesondere die Rechte auf Auskunft, Berichtigung oder L\u00f6schung von Daten und Opposition, sofern beweist relevant und sie k\u00f6nnen von jedem Kunden durch einen L\u00f6schungsantrag Form ausge\u00fcbt werden, die uns per E-Mail gebeten. Die schriftlichen und unterschriebenen Antrag kann per Post an die folgende Adresse schicken: Hostal Cala Ratjada, S. L., bei C \/ LEONOR SERVERA Wohnsitz, 86, eine Kopie der beiden Kunden-ID umschlie\u00dft.<\/p>\n<p>1.4 Hostal Cala Ratjada SL darauf hin, dass, wenn ein Kunde im Hostal Cala Ratjada SL registrieren m\u00f6chte, werden Sie wie oben bereits erw\u00e4hnt eine Reihe von Daten als Pflichtfeld gefragt werden, wenn Sie also nicht in den Daten zur Verf\u00fcgung stellen \/ gef\u00fcllt wird nicht die H\u00f6he, auf der Website von Hostal Cala Ratjada SL haben. Und es soll die Pflicht aller Kunden sicherzustellen, dass die Informationen zur Verf\u00fcgung gestellt werden soll, genau und aktuell.<\/p>\n<p>1.5 Der Kunde verpflichtet sich, dass Hostal Cala Ratjada SL Cookies und Tracking von IP-Adressen verwenden, um m\u00f6glicherweise Daten f\u00fcr statistische Zwecke zu sammeln.<\/p>\n<p>1.6 Hostal Cala Ratjada SL verpflichtet sich, die Nutzung der Daten in der oben genannten Datei enthalten, um die Vertraulichkeit zu respektieren und in \u00dcbereinstimmung mit dem Zweck der Datei verwenden, und mit seiner Verpflichtung nachzukommen, sie zu halten und zu verabschieden, alle Ma\u00dfnahmen zu verhindern Ver\u00e4nderung, Verlust oder unberechtigtem Zugriff, in \u00dcbereinstimmung mit den Bestimmungen des K\u00f6niglichen Dekrets 1720\/2007, die Verordnung zur Durchf\u00fchrung des Datenschutzgesetzes zur Genehmigung.<\/p>\n<p>1.7 Die personenbezogenen Daten automatisch verarbeitet werden, zur Verf\u00fcgung stellen und in die automatisierten Dateien von Hostal Cala Ratjada SL eingebaut, mit dieser Einheit der Eigent\u00fcmer und verantwortlich f\u00fcr Ihre eigenen Dateien, die nach den geltenden Vorschriften ordnungsgem\u00e4\u00df sind im Allgemeinen Register der Datenschutzbeh\u00f6rde registriert.<\/p>\n<p>In den Log Formen, bei denen personenbezogene Daten erhoben werden, die verschiedenen Felder, die f\u00fcr den entsprechenden Datensatz gef\u00fcllt werden muss anzugeben. Somit sind, wenn nicht anders angegeben, Antworten auf Fragen zu pers\u00f6nlichen Daten freiwillig, ohne die fehlende Antwort auf diese Fragen zu einem R\u00fcckgang der Qualit\u00e4t oder Quantit\u00e4t der Dienstleistungen im Zusammenhang bedeutet, sofern nicht anders angegeben.<\/p>\n<p>1.8El automatisierte Verarbeitung werden alle Daten, die aufgrund der Anwendung, Verwendung gesammelt vorgelegt werden, Auftraggeber eines Produkts oder einer Dienstleistung oder einer Transaktion oder Operation \u00fcber diese Website durchgef\u00fchrt (einschlie\u00dflich der f\u00fcr diese Zwecke die , die von Kunden f\u00fcr Anzeigen) vorgesehen sind, hat als Hauptzweck die Aufrechterhaltung des Vertragsverh\u00e4ltnisses mit dem Betreiber dieser Website Einheit gegr\u00fcndet.<\/p>\n<p>1.9 auch f\u00fcr das Management, Verwaltung, Bereitstellung, Erweiterung und Verbesserung der Dienstleistungen, auf die verwendet werden, der Kunde, zum Beispiel zur Zeichnung oder zum Einsatz entscheidet:<\/p>\n<p>Falls Sie abonniert haben, Newsletter erhalten, werden Ihre Daten nur f\u00fcr die Lieferung von diesem Newsletter zu verwalten verwendet werden.<br \/>\nWenn Sie die Zusendung von Werbe Genehmigung erhalten haben, werden Ihre Daten nur verwendet werden, um die Zusendung von Werbung durch traditionelle oder elektronische Medien zu verwalten. Im Falle von E-Mail-Adressen oder Kontaktformulars auf der Website werden ausschlie\u00dflich Abfragen verwendet, die Informationen, die Sie uns durch sie liefern von uns auf diese Weise erh\u00f6ht zu behandeln.<br \/>\nAlle gem\u00e4\u00df Artikel 22.1 und 22.2 des Gesetzes 34\/2002 vom 11. Juli, Dienstleistungen der Informationsgesellschaft und den elektronischen Gesch\u00e4ftsverkehr zur \u00c4nderung des Artikels 4 unter Real Decreto-Ley 13\/2012, mit Umformulierung.<\/p>\n<p>1.10 das Unternehmen gew\u00e4hrleistet die Vertraulichkeit der pers\u00f6nlichen Daten. Dennoch zeigt es an die zust\u00e4ndigen Beh\u00f6rden, die pers\u00f6nliche Daten und andere Informationen in ihrem Besitz befinden oder zug\u00e4nglich durch seine Systeme und wird in \u00dcbereinstimmung mit den Gesetzen und Vorschriften f\u00fcr den Fall erforderlich. Die pers\u00f6nlichen Daten k\u00f6nnen in Dateien im Besitz von Hostal Cala Ratjada SL auch nach Abschluss der \u00fcber die Website des Unternehmens formalisiert Beziehungen gespeichert werden, ausschlie\u00dflich f\u00fcr die oben angegebenen Zwecke und in jedem Fall w\u00e4hrend der Zeit legal gegr\u00fcndet, zur Verf\u00fcgung zu Verwaltungs- oder Justizbeh\u00f6rden.<\/p>\n<p>Hostal Cala Ratjada SL<br \/>\nLlevamans, 2<br \/>\nCALA RATJADA<br \/>\n07590<br \/>\nBALEARES<br \/>\nTEL. 971563202<\/p>\n","protected":false},"excerpt":{"rendered":"<p>Die korrekte Verwendung der Web-Seite: Diese Nutzungsbedingungen regeln den Zugang zu und die Nutzung der Website Die Nutzung dieser Website schreibt den Zustand des Benutzers des gleichen vom Moment der Zugang und starten Sie das gleiche Surfen , akzeptiert der Benutzer ausdr\u00fccklich von diesem Moment an einem seiner Inhalte zugreifen, diese allgemeinen Gesch\u00e4ftsbedingungen. Ebenso akzeptiert <\/p>\n","protected":false},"author":1,"featured_media":0,"parent":0,"menu_order":0,"comment_status":"closed","ping_status":"closed","template":"","meta":{"footnotes":""},"class_list":["post-4269","page","type-page","status-publish","hentry"],"aioseo_notices":[],"_links":{"self":[{"href":"https:\/\/hostalcalaratjada.com\/de\/wp-json\/wp\/v2\/pages\/4269","targetHints":{"allow":["GET"]}}],"collection":[{"href":"https:\/\/hostalcalaratjada.com\/de\/wp-json\/wp\/v2\/pages"}],"about":[{"href":"https:\/\/hostalcalaratjada.com\/de\/wp-json\/wp\/v2\/types\/page"}],"author":[{"embeddable":true,"href":"https:\/\/hostalcalaratjada.com\/de\/wp-json\/wp\/v2\/users\/1"}],"replies":[{"embeddable":true,"href":"https:\/\/hostalcalaratjada.com\/de\/wp-json\/wp\/v2\/comments?post=4269"}],"version-history":[{"count":0,"href":"https:\/\/hostalcalaratjada.com\/de\/wp-json\/wp\/v2\/pages\/4269\/revisions"}],"wp:attachment":[{"href":"https:\/\/hostalcalaratjada.com\/de\/wp-json\/wp\/v2\/media?parent=4269"}],"curies":[{"name":"wp","href":"https:\/\/api.w.org\/{rel}","templated":true}]}}