{"id":4729,"date":"2019-10-14T09:10:13","date_gmt":"2019-10-14T07:10:13","guid":{"rendered":"http:\/\/artadigital.es\/hostalcalaratjada\/zimmer-2\/"},"modified":"2019-10-22T10:29:57","modified_gmt":"2019-10-22T08:29:57","slug":"zimmer-2","status":"publish","type":"page","link":"https:\/\/hostalcalaratjada.com\/de\/zimmer-2\/","title":{"rendered":"Zimmer"},"content":{"rendered":"<div id=\"pl-4729\"  class=\"panel-layout\" ><div id=\"pg-4729-0\"  class=\"panel-grid panel-no-style\" ><div id=\"pgc-4729-0-0\"  class=\"panel-grid-cell\" ><div id=\"panel-4729-0-0-0\" class=\"so-panel widget widget_sow-editor panel-first-child panel-last-child\" data-index=\"0\" ><div\n\t\t\t\n\t\t\tclass=\"so-widget-sow-editor so-widget-sow-editor-base\"\n\t\t\t\n\t\t>\n<div class=\"siteorigin-widget-tinymce textwidget\">\n\t\n\t\t<div class=\"container room-container\">\n<div id=\"hotel-booking-search-filter\" class=\"hotel-booking-search-filter\">\n    <h3>\n\t\tFilter By\t<\/h3>\n\n    <form class=\"search-filter-form\" action=\"\">\n        <div class=\"hb-form-table\">\n\t\t\t    <div class=\"hb-price-field\" data-min=\"0\"\n         data-max=\"100\"\n         data-step=\"1\">\n        <div class=\" title\">Preis von<\/div>\n        <input type=\"hidden\" class=\"hb-min-price\" name=\"min-price\"\n               value=\"\">\n        <input type=\"hidden\" class=\"hb-max-price\" name=\"max-price\"\n               value=\"\">\n        <div class=\"hb-search-price\">\n            <div class=\"hb-price-range\"><\/div>\n            <div>\n                <span class=\"min\">0.00<\/span>\n                -\n                <span class=\"max\">100.00<\/span>\n            <\/div>\n        <\/div>\n    <\/div>\n\t<div class=\"hb-rating-field\">\n\t\t<h4> Rating<\/h4>\n\t\t<ul class=\"rating-list\">\n\t\t\t\t\t\t\t<li class=\"list-item\">\n\t\t\t\t\t<div class=\"rating\">\n\t\t\t\t\t\t<label>\n\t\t\t\t\t\t\t<input type=\"checkbox\" name=\"rating\" value=\"1\">\n\t\t\t\t\t\t\t<span>\n\t\t\t\t\t\t\t\t1 star\t\t\t\t\t\t\t<\/span>\n\t\t\t\t\t\t<\/label>\n\t\t\t\t\t<\/div>\n\t\t\t\t\t<div class=\"rating-number\">\n\t\t\t\t\t\t0\t\t\t\t\t<\/div>\n\t\t\t\t<\/li>\n\t\t\t\t\t\t\t\t<li class=\"list-item\">\n\t\t\t\t\t<div class=\"rating\">\n\t\t\t\t\t\t<label>\n\t\t\t\t\t\t\t<input type=\"checkbox\" name=\"rating\" value=\"2\">\n\t\t\t\t\t\t\t<span>\n\t\t\t\t\t\t\t\t2 stars\t\t\t\t\t\t\t<\/span>\n\t\t\t\t\t\t<\/label>\n\t\t\t\t\t<\/div>\n\t\t\t\t\t<div class=\"rating-number\">\n\t\t\t\t\t\t0\t\t\t\t\t<\/div>\n\t\t\t\t<\/li>\n\t\t\t\t\t\t\t\t<li class=\"list-item\">\n\t\t\t\t\t<div class=\"rating\">\n\t\t\t\t\t\t<label>\n\t\t\t\t\t\t\t<input type=\"checkbox\" name=\"rating\" value=\"3\">\n\t\t\t\t\t\t\t<span>\n\t\t\t\t\t\t\t\t3 stars\t\t\t\t\t\t\t<\/span>\n\t\t\t\t\t\t<\/label>\n\t\t\t\t\t<\/div>\n\t\t\t\t\t<div class=\"rating-number\">\n\t\t\t\t\t\t0\t\t\t\t\t<\/div>\n\t\t\t\t<\/li>\n\t\t\t\t\t\t\t\t<li class=\"list-item\">\n\t\t\t\t\t<div class=\"rating\">\n\t\t\t\t\t\t<label>\n\t\t\t\t\t\t\t<input type=\"checkbox\" name=\"rating\" value=\"4\">\n\t\t\t\t\t\t\t<span>\n\t\t\t\t\t\t\t\t4 stars\t\t\t\t\t\t\t<\/span>\n\t\t\t\t\t\t<\/label>\n\t\t\t\t\t<\/div>\n\t\t\t\t\t<div class=\"rating-number\">\n\t\t\t\t\t\t0\t\t\t\t\t<\/div>\n\t\t\t\t<\/li>\n\t\t\t\t\t\t\t\t<li class=\"list-item\">\n\t\t\t\t\t<div class=\"rating\">\n\t\t\t\t\t\t<label>\n\t\t\t\t\t\t\t<input type=\"checkbox\" name=\"rating\" value=\"5\">\n\t\t\t\t\t\t\t<span>\n\t\t\t\t\t\t\t\t5 stars\t\t\t\t\t\t\t<\/span>\n\t\t\t\t\t\t<\/label>\n\t\t\t\t\t<\/div>\n\t\t\t\t\t<div class=\"rating-number\">\n\t\t\t\t\t\t1\t\t\t\t\t<\/div>\n\t\t\t\t<\/li>\n\t\t\t\t\t\t\t<li class=\"list-item unrated\">\n\t\t\t\t<div class=\"rating\">\n\t\t\t\t\t<label>\n\t\t\t\t\t\t<input type=\"checkbox\" name=\"rating\" value=\"unrated\">\n\t\t\t\t\t\t<span>Unrated<\/span>\n\t\t\t\t\t<\/label>\n\t\t\t\t<\/div>\n\t\t\t\t<div class=\"rating-number\">\n\t\t\t\t\t25\t\t\t\t<\/div>\n\t\t\t<\/li>\n\t\t<\/ul>\n\t<\/div>\n<div class=\"hb-type-field\">\n\t<h4>Room Types<\/h4>\n\t<ul class=\"room-type-list\">\n\t\t\t\t\t<li class=\"list-item\">\n\t\t\t\t<div class=\"room-type\">\n\t\t\t\t\t<label>\n\t\t\t\t\t\t<input type=\"checkbox\" name=\"room_type\" value=\"82\">\n\t\t\t\t\t\t<span>Dopplel<\/span>\n\t\t\t\t\t<\/label>\n\t\t\t\t<\/div>\n\t\t\t\t<div class=\"room-type-number\">\n\t\t\t\t\t<a href=\"https:\/\/hostalcalaratjada.com\/de\/room-type\/dopplel\/\">2<\/a>\n\t\t\t\t<\/div>\n\t\t\t<\/li>\n\t\t\t\t\t\t<li class=\"list-item\">\n\t\t\t\t<div class=\"room-type\">\n\t\t\t\t\t<label>\n\t\t\t\t\t\t<input type=\"checkbox\" name=\"room_type\" value=\"83\">\n\t\t\t\t\t\t<span>Dreibetzimmer<\/span>\n\t\t\t\t\t<\/label>\n\t\t\t\t<\/div>\n\t\t\t\t<div class=\"room-type-number\">\n\t\t\t\t\t<a href=\"https:\/\/hostalcalaratjada.com\/de\/room-type\/dreibetzimmer\/\">2<\/a>\n\t\t\t\t<\/div>\n\t\t\t<\/li>\n\t\t\t\t<\/ul>\n<\/div>\n\n\t\t\t<div class=\"clear-reset-filter\">\n\t\t\t\t\t\t\t\t\t<button type=\"button\" class=\"hb-room-filter-btn\">Filter<\/button>\n\t\t\t\t\n\t\t\t\t<div class=\"clear-filter\">\n\t\t\t\t\t<button type=\"button\">\n\t\t\t\t\t\tReset\t\t\t\t\t<\/button>\n            <\/div>\n\t\t\t<\/div>\n        <\/div>\n    <\/form>\n<\/div>\n<div class=\"room-content\">\t<div class=\"sort-by-wrapper\">\n\t\t\t\t<div class=\"show-number\">\n\t\t\tShowing the last items of 7 results.\t\t<\/div>\n\n\t\t<div class=\"sort-by\">\n\t\t\t<span class=\"sort-by__label\">Sort By :<\/span>\n\t\t\t<div class=\"select\">\n\t\t\t\t<div class=\"toggle\">\n\t\t\t\t\tDefault (Newest)\t\t\t\t<\/div>\n\t\t\t\t<ul class=\"sort-by__list\">\n\t\t\t\t\t\t\t\t\t\t\t<li class=\"sort-by__list-item active\" data-value=\"date-desc\">\n\t\t\t\t\t\t\tDefault (Newest)\t\t\t\t\t\t<\/li>\n\t\t\t\t\t\t\t\t\t\t\t\t<li class=\"sort-by__list-item\" data-value=\"date-asc\">\n\t\t\t\t\t\t\tOldest\t\t\t\t\t\t<\/li>\n\t\t\t\t\t\t\t\t\t\t\t\t<li class=\"sort-by__list-item\" data-value=\"title-asc\">\n\t\t\t\t\t\t\tA to Z\t\t\t\t\t\t<\/li>\n\t\t\t\t\t\t\t\t\t\t\t\t<li class=\"sort-by__list-item\" data-value=\"title-desc\">\n\t\t\t\t\t\t\tZ to A\t\t\t\t\t\t<\/li>\n\t\t\t\t\t\t\t\t\t\t<\/ul>\n\t\t\t<\/div>\n\t\t<\/div>\n\t\t\t<\/div>\n\n<ul class=\"rooms tp-hotel-booking hb-catalog-column-4\">\n\n\n<li id=\"room-5379\" class=\"col-md-3 col-sm-6 col-xs-6 post-5379 hb_room type-hb_room status-publish has-post-thumbnail hentry hb_room_type-dreibetzimmer\">\n\n\t\n\t<div class=\"summary entry-summary\">\n\n\t\t\n<div class=\"media\">\n\t<img decoding=\"async\" src=\"https:\/\/hostalcalaratjada.com\/wp-content\/uploads\/2023\/09\/113A0287-2-scaled-270x270.jpg\" width=\"270\" height=\"270\" alt=\"\"\/>\t<div class=\"actions\">\n\t\t<div class=\"action-btn\">\n\t\t\t<a href=\"https:\/\/hostalcalaratjada.com\/de\/rooms\/dreibettzimmer-mit-klimatisierung\/\" class=\"button readmore\">\n\t\t\t\tMEHR INFO\t\t\t<\/a>\n\t\t<\/div>\n\t<\/div>\n<\/div>\t\t<div class=\"content-room\">\n\t\t\t<div class=\"title-room\">\n\t\t\t\t\n<div class=\"title\">\n\t<h4>\n\t\t<a href=\"https:\/\/hostalcalaratjada.com\/de\/rooms\/dreibettzimmer-mit-klimatisierung\/\">Dreibettzimmer mit Klimatisierung<\/a>\n\t<\/h4>\n<\/div>\n<div class=\"room-types\"><a href=\"https:\/\/hostalcalaratjada.com\/de\/room-type\/dreibetzimmer\/\" rel=\"tag\">Dreibetzimmer<\/a><\/div>\t\t\t<\/div>\n\t\t\t<div class=\"description\"><\/div>\t\t<\/div>\n\n\t\t\n<div class=\"footer-content-room\">\n\t\n\t<div class=\"actions\">\n\t\t<div class=\"action-btn\">\n\t\t\t<a href=\"https:\/\/hostalcalaratjada.com\/de\/rooms\/dreibettzimmer-mit-klimatisierung\/\" class=\"button readmore\">\n\t\t\t\tMEHR INFO\t\t\t<\/a>\n\t\t<\/div>\n\t<\/div>\n<\/div>\t<\/div><!-- .summary -->\n\n\t\n<\/li>\n\n\n\n<li id=\"room-4709\" class=\"col-md-3 col-sm-6 col-xs-6 post-4709 hb_room type-hb_room status-publish has-post-thumbnail hentry hb_room_type-dopplel\">\n\n\t\n\t<div class=\"summary entry-summary\">\n\n\t\t\n<div class=\"media\">\n\t<img decoding=\"async\" src=\"https:\/\/hostalcalaratjada.com\/wp-content\/uploads\/2019\/05\/113A0334-2-scaled-270x270.jpg\" width=\"270\" height=\"270\" alt=\"\"\/>\t<div class=\"actions\">\n\t\t<div class=\"action-btn\">\n\t\t\t<a href=\"https:\/\/hostalcalaratjada.com\/de\/rooms\/doppelklimaanlage\/\" class=\"button readmore\">\n\t\t\t\tMEHR INFO\t\t\t<\/a>\n\t\t<\/div>\n\t<\/div>\n<\/div>\t\t<div class=\"content-room\">\n\t\t\t<div class=\"title-room\">\n\t\t\t\t\n<div class=\"title\">\n\t<h4>\n\t\t<a href=\"https:\/\/hostalcalaratjada.com\/de\/rooms\/doppelklimaanlage\/\">Doppelzimmer mit Balkon und Klimaanlage &#8218;Margarita&#8216;<\/a>\n\t<\/h4>\n<\/div>\n<div class=\"room-types\"><a href=\"https:\/\/hostalcalaratjada.com\/de\/room-type\/dopplel\/\" rel=\"tag\">Dopplel<\/a><\/div>\t\t\t<\/div>\n\t\t\t<div class=\"description\"><div class=\"information_services\">\n\t<ul>\n\t\t<li><i class=\"fa fa-coffee\"><\/i><\/li>\n\t\t<li><i class=\"fa fa-wifi\"><\/i><\/li>\n\t\t<li><i class=\"fa fa-cutlery\"><\/i><\/li>\n\t\t<li><i class=\"fa fa-plane\"><\/i><\/li>\n\t<\/ul>\n<\/div><\/div>\t\t<\/div>\n\n\t\t\n<div class=\"footer-content-room\">\n\t\n\t\t<div class=\"price\">\n\t\t\t<span class=\"title-price\">Preis von<\/span>\n\n\t\t\t\t\t\t\t<span class=\"price_value price_min\">\n\t            &euro;65<span class=\"unit\">nacht<\/span>\n            <\/span>\n\t\t\t\n\t\t<\/div>\n\t\n\t<div class=\"actions\">\n\t\t<div class=\"action-btn\">\n\t\t\t<a href=\"https:\/\/hostalcalaratjada.com\/de\/rooms\/doppelklimaanlage\/\" class=\"button readmore\">\n\t\t\t\tMEHR INFO\t\t\t<\/a>\n\t\t<\/div>\n\t<\/div>\n<\/div>\t<\/div><!-- .summary -->\n\n\t\n<\/li>\n\n\n\n<li id=\"room-4674\" class=\"col-md-3 col-sm-6 col-xs-6 post-4674 hb_room type-hb_room status-publish has-post-thumbnail hentry hb_room_type-dreibetzimmer\">\n\n\t\n\t<div class=\"summary entry-summary\">\n\n\t\t\n<div class=\"media\">\n\t<img decoding=\"async\" src=\"https:\/\/hostalcalaratjada.com\/wp-content\/uploads\/2019\/07\/DSC9318-270x270.jpg\" width=\"270\" height=\"270\" alt=\"\"\/>\t<div class=\"actions\">\n\t\t<div class=\"action-btn\">\n\t\t\t<a href=\"https:\/\/hostalcalaratjada.com\/de\/rooms\/dreibettzimmer-mit-aussicht\/\" class=\"button readmore\">\n\t\t\t\tMEHR INFO\t\t\t<\/a>\n\t\t<\/div>\n\t<\/div>\n<\/div>\t\t<div class=\"content-room\">\n\t\t\t<div class=\"title-room\">\n\t\t\t\t\n<div class=\"title\">\n\t<h4>\n\t\t<a href=\"https:\/\/hostalcalaratjada.com\/de\/rooms\/dreibettzimmer-mit-aussicht\/\">Dreibettzimmer mit Aussicht<\/a>\n\t<\/h4>\n<\/div>\n<div class=\"room-types\"><a href=\"https:\/\/hostalcalaratjada.com\/de\/room-type\/dreibetzimmer\/\" rel=\"tag\">Dreibetzimmer<\/a><\/div>\t\t\t<\/div>\n\t\t\t<div class=\"description\"><div class=\"information_services\">\n\t<ul>\n\t\t<li><i class=\"fa fa-coffee\"><\/i><\/li>\n\t\t<li><i class=\"fa fa-wifi\"><\/i><\/li>\n\t\t<li><i class=\"fa fa-cutlery\"><\/i><\/li>\n\t\t<li><i class=\"fa fa-plane\"><\/i><\/li>\n\t<\/ul>\n<\/div><\/div>\t\t<\/div>\n\n\t\t\n<div class=\"footer-content-room\">\n\t\n\t\t<div class=\"price\">\n\t\t\t<span class=\"title-price\">Preis von<\/span>\n\n\t\t\t\t\t\t\t<span class=\"price_value price_min\">\n\t            &euro;72<span class=\"unit\">nacht<\/span>\n            <\/span>\n\t\t\t\n\t\t<\/div>\n\t\n\t<div class=\"actions\">\n\t\t<div class=\"action-btn\">\n\t\t\t<a href=\"https:\/\/hostalcalaratjada.com\/de\/rooms\/dreibettzimmer-mit-aussicht\/\" class=\"button readmore\">\n\t\t\t\tMEHR INFO\t\t\t<\/a>\n\t\t<\/div>\n\t<\/div>\n<\/div>\t<\/div><!-- .summary -->\n\n\t\n<\/li>\n\n\n\n<li id=\"room-5369\" class=\"col-md-3 col-sm-6 col-xs-6 post-5369 hb_room type-hb_room status-publish has-post-thumbnail hentry\">\n\n\t\n\t<div class=\"summary entry-summary\">\n\n\t\t\n<div class=\"media\">\n\t<img decoding=\"async\" src=\"https:\/\/hostalcalaratjada.com\/wp-content\/uploads\/2019\/07\/DSC9298-270x270.jpg\" width=\"270\" height=\"270\" alt=\"\"\/>\t<div class=\"actions\">\n\t\t<div class=\"action-btn\">\n\t\t\t<a href=\"https:\/\/hostalcalaratjada.com\/de\/rooms\/triple-2\/\" class=\"button readmore\">\n\t\t\t\tMEHR INFO\t\t\t<\/a>\n\t\t<\/div>\n\t<\/div>\n<\/div>\t\t<div class=\"content-room\">\n\t\t\t<div class=\"title-room\">\n\t\t\t\t\n<div class=\"title\">\n\t<h4>\n\t\t<a href=\"https:\/\/hostalcalaratjada.com\/de\/rooms\/triple-2\/\">Dreibettzimmer mit Klimatisierung<\/a>\n\t<\/h4>\n<\/div>\n\t\t\t<\/div>\n\t\t\t<div class=\"description\"><div class=\"information_services\">\n\t<ul>\n\t\t<li><i class=\"fa fa-coffee\"><\/i><\/li>\n\t\t<li><i class=\"fa fa-wifi\"><\/i><\/li>\n\t\t<li><i class=\"fa fa-cutlery\"><\/i><\/li>\n\t\t<li><i class=\"fa fa-plane\"><\/i><\/li>\n\t<\/ul>\n<\/div><\/div>\t\t<\/div>\n\n\t\t\n<div class=\"footer-content-room\">\n\t\n\t\t<div class=\"price\">\n\t\t\t<span class=\"title-price\">Preis von<\/span>\n\n\t\t\t\t\t\t\t<span class=\"price_value price_min\">\n\t            &euro;0<span class=\"unit\">nacht<\/span>\n            <\/span>\n\t\t\t\n\t\t<\/div>\n\t\n\t<div class=\"actions\">\n\t\t<div class=\"action-btn\">\n\t\t\t<a href=\"https:\/\/hostalcalaratjada.com\/de\/rooms\/triple-2\/\" class=\"button readmore\">\n\t\t\t\tMEHR INFO\t\t\t<\/a>\n\t\t<\/div>\n\t<\/div>\n<\/div>\t<\/div><!-- .summary -->\n\n\t\n<\/li>\n\n\n\n<li id=\"room-4554\" class=\"col-md-3 col-sm-6 col-xs-6 post-4554 hb_room type-hb_room status-publish has-post-thumbnail hentry hb_room_type-dopplel\">\n\n\t\n\t<div class=\"summary entry-summary\">\n\n\t\t\n<div class=\"media\">\n\t<img decoding=\"async\" src=\"https:\/\/hostalcalaratjada.com\/wp-content\/uploads\/2019\/07\/DSC9349-270x270.jpg\" width=\"270\" height=\"270\" alt=\"\"\/>\t<div class=\"actions\">\n\t\t<div class=\"action-btn\">\n\t\t\t<a href=\"https:\/\/hostalcalaratjada.com\/de\/rooms\/doppelzimmer-mit-aussicht\/\" class=\"button readmore\">\n\t\t\t\tMEHR INFO\t\t\t<\/a>\n\t\t<\/div>\n\t<\/div>\n<\/div>\t\t<div class=\"content-room\">\n\t\t\t<div class=\"title-room\">\n\t\t\t\t\n<div class=\"title\">\n\t<h4>\n\t\t<a href=\"https:\/\/hostalcalaratjada.com\/de\/rooms\/doppelzimmer-mit-aussicht\/\">Doppelzimmer mit Aussicht<\/a>\n\t<\/h4>\n<\/div>\n<div class=\"room-types\"><a href=\"https:\/\/hostalcalaratjada.com\/de\/room-type\/dopplel\/\" rel=\"tag\">Dopplel<\/a><\/div>\t\t\t<\/div>\n\t\t\t<div class=\"description\"><div class=\"information_services\">\n\t<ul>\n\t\t<li><i class=\"fa fa-coffee\"><\/i><\/li>\n\t\t<li><i class=\"fa fa-wifi\"><\/i><\/li>\n\t\t<li><i class=\"fa fa-cutlery\"><\/i><\/li>\n\t\t<li><i class=\"fa fa-plane\"><\/i><\/li>\n\t<\/ul>\n<\/div><\/div>\t\t<\/div>\n\n\t\t\n<div class=\"footer-content-room\">\n\t\n\t\t<div class=\"price\">\n\t\t\t<span class=\"title-price\">Preis von<\/span>\n\n\t\t\t\t\t\t\t<span class=\"price_value price_min\">\n\t            &euro;60<span class=\"unit\">nacht<\/span>\n            <\/span>\n\t\t\t\n\t\t<\/div>\n\t\n\t<div class=\"actions\">\n\t\t<div class=\"action-btn\">\n\t\t\t<a href=\"https:\/\/hostalcalaratjada.com\/de\/rooms\/doppelzimmer-mit-aussicht\/\" class=\"button readmore\">\n\t\t\t\tMEHR INFO\t\t\t<\/a>\n\t\t<\/div>\n\t<\/div>\n<\/div>\t<\/div><!-- .summary -->\n\n\t\n<\/li>\n\n\n\n<li id=\"room-4510\" class=\"col-md-3 col-sm-6 col-xs-6 post-4510 hb_room type-hb_room status-publish has-post-thumbnail hentry\">\n\n\t\n\t<div class=\"summary entry-summary\">\n\n\t\t\n<div class=\"media\">\n\t<img decoding=\"async\" src=\"https:\/\/hostalcalaratjada.com\/wp-content\/uploads\/2019\/07\/DSC9347-270x270.jpg\" width=\"270\" height=\"270\" alt=\"\"\/>\t<div class=\"actions\">\n\t\t<div class=\"action-btn\">\n\t\t\t<a href=\"https:\/\/hostalcalaratjada.com\/de\/rooms\/double-with-balcony\/\" class=\"button readmore\">\n\t\t\t\tMEHR INFO\t\t\t<\/a>\n\t\t<\/div>\n\t<\/div>\n<\/div>\t\t<div class=\"content-room\">\n\t\t\t<div class=\"title-room\">\n\t\t\t\t\n<div class=\"title\">\n\t<h4>\n\t\t<a href=\"https:\/\/hostalcalaratjada.com\/de\/rooms\/double-with-balcony\/\">Doppelzimmer mit Balkon<\/a>\n\t<\/h4>\n<\/div>\n\t\t\t<\/div>\n\t\t\t<div class=\"description\"><div class=\"information_services\">\n\t<ul>\n\t\t<li><i class=\"fa fa-coffee\"><\/i><\/li>\n\t\t<li><i class=\"fa fa-wifi\"><\/i><\/li>\n\t\t<li><i class=\"fa fa-cutlery\"><\/i><\/li>\n\t\t<li><i class=\"fa fa-plane\"><\/i><\/li>\n\t<\/ul>\n<\/div><\/div>\t\t<\/div>\n\n\t\t\n<div class=\"footer-content-room\">\n\t\n\t\t<div class=\"price\">\n\t\t\t<span class=\"title-price\">Preis von<\/span>\n\n\t\t\t\t\t\t\t<span class=\"price_value price_min\">\n\t            &euro;53<span class=\"unit\">nacht<\/span>\n            <\/span>\n\t\t\t\n\t\t<\/div>\n\t\n\t<div class=\"actions\">\n\t\t<div class=\"action-btn\">\n\t\t\t<a href=\"https:\/\/hostalcalaratjada.com\/de\/rooms\/double-with-balcony\/\" class=\"button readmore\">\n\t\t\t\tMEHR INFO\t\t\t<\/a>\n\t\t<\/div>\n\t<\/div>\n<\/div>\t<\/div><!-- .summary -->\n\n\t\n<\/li>\n\n\n\n<li id=\"room-4483\" class=\"col-md-3 col-sm-6 col-xs-6 post-4483 hb_room type-hb_room status-publish has-post-thumbnail hentry\">\n\n\t\n\t<div class=\"summary entry-summary\">\n\n\t\t\n<div class=\"media\">\n\t<img decoding=\"async\" src=\"https:\/\/hostalcalaratjada.com\/wp-content\/uploads\/2019\/07\/nosotros1-2-270x270.jpg\" width=\"270\" height=\"270\" alt=\"\"\/>\t<div class=\"actions\">\n\t\t<div class=\"action-btn\">\n\t\t\t<a href=\"https:\/\/hostalcalaratjada.com\/de\/rooms\/wirtschaftliches-doppel\/\" class=\"button readmore\">\n\t\t\t\tMEHR INFO\t\t\t<\/a>\n\t\t<\/div>\n\t<\/div>\n<\/div>\t\t<div class=\"content-room\">\n\t\t\t<div class=\"title-room\">\n\t\t\t\t\n<div class=\"title\">\n\t<h4>\n\t\t<a href=\"https:\/\/hostalcalaratjada.com\/de\/rooms\/wirtschaftliches-doppel\/\">Doppelzimmer mit Klimaanlage<\/a>\n\t<\/h4>\n<\/div>\n\t\t\t<\/div>\n\t\t\t<div class=\"description\"><div class=\"information_services\">\n\t<ul>\n\t\t<li><i class=\"fa fa-coffee\"><\/i><\/li>\n\t\t<li><i class=\"fa fa-wifi\"><\/i><\/li>\n\t\t<li><i class=\"fa fa-cutlery\"><\/i><\/li>\n\t\t<li><i class=\"fa fa-plane\"><\/i><\/li>\n\t<\/ul>\n<\/div><\/div>\t\t<\/div>\n\n\t\t\n<div class=\"footer-content-room\">\n\t\n\t\t<div class=\"price\">\n\t\t\t<span class=\"title-price\">Preis von<\/span>\n\n\t\t\t\t\t\t\t<span class=\"price_value price_min\">\n\t            &euro;62<span class=\"unit\">nacht<\/span>\n            <\/span>\n\t\t\t\n\t\t<\/div>\n\t\n\t<div class=\"actions\">\n\t\t<div class=\"action-btn\">\n\t\t\t<a href=\"https:\/\/hostalcalaratjada.com\/de\/rooms\/wirtschaftliches-doppel\/\" class=\"button readmore\">\n\t\t\t\tMEHR INFO\t\t\t<\/a>\n\t\t<\/div>\n\t<\/div>\n<\/div>\t<\/div><!-- .summary -->\n\n\t\n<\/li>\n\n\n<\/ul>\n\n<\/div><\/div>\n\t\t\n\t\n<\/div>\n<\/div><\/div><\/div><\/div><\/div>","protected":false},"excerpt":{"rendered":"<p>Unsere Doppelzimmer bieten Annehmlichkeiten wie ein eigenes Badezimmer und Klimaanlage. Die Zimmer verf\u00fcgen je nach Verf\u00fcgbarkeit \u00fcber ein Fenster oder eine Terrasse zum ruhigen Innenhof und einen Fernseher. Zus\u00e4tzlich stellen wir Bettw\u00e4sche und Handt\u00fccher zur Verf\u00fcgung, um den Komfort unserer G\u00e4ste zu gew\u00e4hrleisten.<br \/>\nF\u00fcr zus\u00e4tzliche Sicherheit bieten wir unseren G\u00e4sten einen Safe gegen eine zus\u00e4tzliche <\/p>\n","protected":false},"author":1,"featured_media":0,"parent":0,"menu_order":0,"comment_status":"closed","ping_status":"closed","template":"","meta":{"footnotes":""},"class_list":["post-4729","page","type-page","status-publish","hentry"],"aioseo_notices":[],"_links":{"self":[{"href":"https:\/\/hostalcalaratjada.com\/de\/wp-json\/wp\/v2\/pages\/4729","targetHints":{"allow":["GET"]}}],"collection":[{"href":"https:\/\/hostalcalaratjada.com\/de\/wp-json\/wp\/v2\/pages"}],"about":[{"href":"https:\/\/hostalcalaratjada.com\/de\/wp-json\/wp\/v2\/types\/page"}],"author":[{"embeddable":true,"href":"https:\/\/hostalcalaratjada.com\/de\/wp-json\/wp\/v2\/users\/1"}],"replies":[{"embeddable":true,"href":"https:\/\/hostalcalaratjada.com\/de\/wp-json\/wp\/v2\/comments?post=4729"}],"version-history":[{"count":0,"href":"https:\/\/hostalcalaratjada.com\/de\/wp-json\/wp\/v2\/pages\/4729\/revisions"}],"wp:attachment":[{"href":"https:\/\/hostalcalaratjada.com\/de\/wp-json\/wp\/v2\/media?parent=4729"}],"curies":[{"name":"wp","href":"https:\/\/api.w.org\/{rel}","templated":true}]}}