{"id":4196,"date":"2019-05-08T15:48:13","date_gmt":"2019-05-08T13:48:13","guid":{"rendered":"http:\/\/artadigital.es\/hostalcalaratjada?page_id=4196"},"modified":"2023-07-06T15:28:09","modified_gmt":"2023-07-06T13:28:09","slug":"about-us","status":"publish","type":"page","link":"https:\/\/hostalcalaratjada.com\/en\/about-us\/","title":{"rendered":"About us"},"content":{"rendered":"<div id=\"pl-4196\"  class=\"panel-layout\" ><div id=\"pg-4196-0\"  class=\"panel-grid panel-no-style\" ><div id=\"pgc-4196-0-0\"  class=\"panel-grid-cell\" ><div id=\"panel-4196-0-0-0\" class=\"so-panel widget widget_icon-box panel-first-child panel-last-child\" data-index=\"0\" ><div class=\"panel-widget-style panel-widget-style-for-4196-0-0-0\" ><div class=\"thim-widget-icon-box thim-widget-icon-box-base template-base\"><div class=\"inner-box \"><div style=\"background-image:url()\" class=\"wrapper-box-icon text-center   wrapper-line-heading\" ><div class=\"smicon-box iconbox-top\"><div class=\"content-inner\" ><div class=\"sc-heading article_heading\"><h3 class = \"heading__primary\" >About us<\/h3><span class=\"line-heading\"><span><\/span><\/span><\/div><div class=\"desc-icon-box\"><div >In the northeast corner of the island of Mallorca, in the county of Llevant, is the small fishing port of Cala Ratjada, which belongs to the municipality of Capdepera.\nCapdepera (Cala Ratjada) has been established among the main tourist destinations of the island, it is famous for the abruptness of its coastline where we find a lot of coves. You can take long walks through wooded areas, beaches and small coves, as well as being able to enjoy the wide range of offerings that Cala Ratjada offers its visitors.<\/p>\nHostal Cala Ratjada opened its doors in 1950 in front of the fishing port and since then it has been run by the family. If you wish to enjoy your holidays in a pleasant environment and with a personal and trustful atmosphere, contact us.<\/i><\/b><\/p><\/div><\/div><\/div><\/div><!--end smicon-box--><\/div><\/div><\/div><\/div><\/div><\/div><\/div><div id=\"pg-4196-1\"  class=\"panel-grid panel-has-style\" ><div class=\"thim-bg-overlay siteorigin-panels-stretch article__parallax panel-row-style panel-row-style-for-4196-1\" data-stretch-type=\"full\" ><div id=\"pgc-4196-1-0\"  class=\"panel-grid-cell\" ><\/div><\/div><\/div><div id=\"pg-4196-2\"  class=\"panel-grid panel-has-style\" ><div class=\"thim-gallery-box siteorigin-panels-stretch panel-row-style panel-row-style-for-4196-2\" data-stretch-type=\"full\" ><div id=\"pgc-4196-2-0\"  class=\"panel-grid-cell\" ><div id=\"panel-4196-2-0-0\" class=\"so-panel widget widget_icon-box panel-first-child\" data-index=\"2\" ><div class=\"panel-widget-style panel-widget-style-for-4196-2-0-0\" ><div class=\"thim-widget-icon-box thim-widget-icon-box-base template-base\"><div class=\"inner-box \"><div style=\"background-image:url()\" class=\"wrapper-box-icon text-center   wrapper-line-heading\" ><div class=\"smicon-box iconbox-top\"><div class=\"content-inner\" ><div class=\"sc-heading article_heading\"><h3 class = \"heading__primary\" >Gallery<\/h3><span class=\"line-heading\"><span><\/span><\/span><\/div><div class=\"desc-icon-box\"><div >Our hostel<\/div><\/div><\/div><\/div><!--end smicon-box--><\/div><\/div><\/div><\/div><\/div><div id=\"panel-4196-2-0-1\" class=\"so-panel widget widget_gallery-images panel-last-child\" data-index=\"3\" ><div class=\"panel-widget-style panel-widget-style-for-4196-2-0-1\" ><div class=\"thim-widget-gallery-images thim-widget-gallery-images-base template-base\"><div class=\"thim-gallery-images owl-carousel gallery-img \"><div class=\"item\"><img src =\"https:\/\/hostalcalaratjada.com\/wp-content\/uploads\/2019\/05\/dormitorio7.jpg\" width=\"1000\" height=\"667\" alt= \"About us\" \/><\/div><div class=\"item\"><img src =\"https:\/\/hostalcalaratjada.com\/wp-content\/uploads\/2019\/05\/DSC9347.jpg\" width=\"2000\" height=\"1335\" alt= \"About us\" \/><\/div><div class=\"item\"><img src =\"https:\/\/hostalcalaratjada.com\/wp-content\/uploads\/2019\/05\/DSC9318.jpg\" width=\"2000\" height=\"1335\" alt= \"About us\" \/><\/div><div class=\"item\"><img src =\"https:\/\/hostalcalaratjada.com\/wp-content\/uploads\/2019\/05\/DSC9318.jpg\" width=\"2000\" height=\"1335\" alt= \"About us\" \/><\/div><\/div><\/div><\/div><\/div><\/div><\/div><\/div><div id=\"pg-4196-3\"  class=\"panel-grid panel-no-style\" ><div id=\"pgc-4196-3-0\"  class=\"panel-grid-cell\" ><div id=\"panel-4196-3-0-0\" class=\"so-panel widget widget_icon-box panel-first-child panel-last-child\" data-index=\"4\" ><div class=\"thim-widget-icon-box thim-widget-icon-box-base template-base\"><div class=\"inner-box \"><div style=\"background-image:url()\" class=\"wrapper-box-icon text-center   wrapper-line-heading\" ><div class=\"smicon-box iconbox-top\"><div class=\"content-inner\" ><div class=\"sc-heading article_heading\"><h3 class = \"heading__primary\" >Services &#38; Facilities of the Cala Ratjada Hostel<\/h3><span class=\"line-heading\"><span><\/span><\/span><\/div><div class=\"desc-icon-box\"><div >El Hostal Cala Ratjada, de gestion familiar desde 1950, se encuentra a menos de 50m del puerto de Cala Ratjada, en Mallorca. A unos 5 minutos de Cala Gat, a 10 minutos de Son Moll y a unos 15 de las playa de Cala Agulla. Disponemos adem\u00e1s de un punto de informaci\u00f3n tur\u00edstica. El aeropuerto de Palma de Mallorca est\u00e1 a unos 80km de distancia y ofrecemos servicios de enlace entre el aeropuerto y el hostal, previa petici\u00f3n. El Hostal Cala Ratjada alberga un bar con TV via satel\u00edte en donde adem\u00e1s se sirve el desayuno. La recepci\u00f3n est\u00e1 abierta 24 horas,(en temporada media-alta) con wifi en la zona com\u00fan y aparcameinto gratuito cercano.<\/div><\/div><\/div><\/div><!--end smicon-box--><\/div><\/div><\/div><\/div><\/div><\/div><div id=\"pg-4196-4\"  class=\"panel-grid panel-no-style\" ><div id=\"pgc-4196-4-0\"  class=\"panel-grid-cell\" ><div id=\"panel-4196-4-0-0\" class=\"so-panel widget widget_single-images panel-first-child panel-last-child\" data-index=\"5\" ><div class=\"thim-widget-single-images thim-widget-single-images-base template-base\"><div class=\"single-image left\" ><img style=\"height:;\" src =\"https:\/\/hostalcalaratjada.com\/wp-content\/uploads\/2019\/05\/Capturaen.png\" width=\"\" height=\"\" alt= \"About us\" \/><\/div><\/div><\/div><\/div><\/div><\/div>","protected":false},"excerpt":{"rendered":"<p>About usIn the northeast corner of the island of Mallorca, in the county of Llevant, is the small fishing port of Cala Ratjada, which belongs to the municipality of Capdepera.<br \/>\nCapdepera (Cala Ratjada) has been established among the main tourist destinations of the island, it is famous for the abruptness of its coastline where we <\/p>\n","protected":false},"author":1,"featured_media":0,"parent":0,"menu_order":0,"comment_status":"closed","ping_status":"closed","template":"","meta":{"footnotes":""},"class_list":["post-4196","page","type-page","status-publish","hentry"],"aioseo_notices":[],"_links":{"self":[{"href":"https:\/\/hostalcalaratjada.com\/en\/wp-json\/wp\/v2\/pages\/4196","targetHints":{"allow":["GET"]}}],"collection":[{"href":"https:\/\/hostalcalaratjada.com\/en\/wp-json\/wp\/v2\/pages"}],"about":[{"href":"https:\/\/hostalcalaratjada.com\/en\/wp-json\/wp\/v2\/types\/page"}],"author":[{"embeddable":true,"href":"https:\/\/hostalcalaratjada.com\/en\/wp-json\/wp\/v2\/users\/1"}],"replies":[{"embeddable":true,"href":"https:\/\/hostalcalaratjada.com\/en\/wp-json\/wp\/v2\/comments?post=4196"}],"version-history":[{"count":0,"href":"https:\/\/hostalcalaratjada.com\/en\/wp-json\/wp\/v2\/pages\/4196\/revisions"}],"wp:attachment":[{"href":"https:\/\/hostalcalaratjada.com\/en\/wp-json\/wp\/v2\/media?parent=4196"}],"curies":[{"name":"wp","href":"https:\/\/api.w.org\/{rel}","templated":true}]}}